{"id":2055,"date":"2025-09-07T23:21:13","date_gmt":"2025-09-08T04:21:13","guid":{"rendered":"https:\/\/aiablog.whapruebas.com\/?page_id=2055"},"modified":"2025-09-25T19:06:35","modified_gmt":"2025-09-26T00:06:35","slug":"wild-south-american-camelids","status":"publish","type":"page","link":"https:\/\/aiablog.whapruebas.com\/en\/wild-south-american-camelids\/","title":{"rendered":"Cam\u00e9lidos sudamericanos silvestres"},"content":{"rendered":"<div data-elementor-type=\"wp-page\" data-elementor-id=\"2055\" class=\"elementor elementor-2055\" data-elementor-post-type=\"page\">\n\t\t\t\t<div class=\"elementor-element elementor-element-ce7988b e-con-full fondo-zoom animado e-flex e-con e-parent\" data-id=\"ce7988b\" data-element_type=\"container\" id=\"arriba\" data-settings=\"{&quot;background_background&quot;:&quot;classic&quot;}\">\n\t\t<div class=\"elementor-element elementor-element-05f371d e-con-full e-flex e-con e-child\" data-id=\"05f371d\" data-element_type=\"container\">\n\t\t\t\t<div class=\"elementor-element elementor-element-36a981f elementor-widget__width-initial elementor-invisible elementor-widget elementor-widget-heading\" data-id=\"36a981f\" data-element_type=\"widget\" data-settings=\"{&quot;_animation&quot;:&quot;fadeIn&quot;,&quot;_animation_delay&quot;:500}\" data-widget_type=\"heading.default\">\n\t\t\t\t\t<h1 class=\"elementor-heading-title elementor-size-default\">Wild South American Camelids<\/h1>\t\t\t\t<\/div>\n\t\t\t\t<div class=\"elementor-element elementor-element-521a02c elementor-widget__width-initial elementor-invisible elementor-widget elementor-widget-text-editor\" data-id=\"521a02c\" data-element_type=\"widget\" data-settings=\"{&quot;_animation&quot;:&quot;fadeInUp&quot;,&quot;_animation_delay&quot;:1000}\" data-widget_type=\"text-editor.default\">\n\t\t\t\t\t\t\t\t\t<p>Natural heritage of the Andes<\/p>\t\t\t\t\t\t\t\t<\/div>\n\t\t\t\t<\/div>\n\t\t<div class=\"elementor-element elementor-element-49711a5 e-con-full e-flex e-con e-child\" data-id=\"49711a5\" data-element_type=\"container\">\n\t\t\t\t<div class=\"elementor-element elementor-element-e03cc51 elementor-view-default elementor-invisible elementor-widget elementor-widget-icon\" data-id=\"e03cc51\" data-element_type=\"widget\" data-settings=\"{&quot;_animation&quot;:&quot;fadeInUp&quot;,&quot;_animation_delay&quot;:2500}\" data-widget_type=\"icon.default\">\n\t\t\t\t\t\t\t<div class=\"elementor-icon-wrapper\">\n\t\t\t<a class=\"elementor-icon elementor-animation-grow\" href=\"#vicuna\">\n\t\t\t<svg aria-hidden=\"true\" class=\"e-font-icon-svg e-fas-chevron-down\" viewbox=\"0 0 448 512\" xmlns=\"http:\/\/www.w3.org\/2000\/svg\"><path d=\"M207.029 381.476L12.686 187.132c-9.373-9.373-9.373-24.569 0-33.941l22.667-22.667c9.357-9.357 24.522-9.375 33.901-.04L224 284.505l154.745-154.021c9.379-9.335 24.544-9.317 33.901.04l22.667 22.667c9.373 9.373 9.373 24.569 0 33.941L240.971 381.476c-9.373 9.372-24.569 9.372-33.942 0z\"><\/path><\/svg>\t\t\t<\/a>\n\t\t<\/div>\n\t\t\t\t\t\t<\/div>\n\t\t\t\t<\/div>\n\t\t\t\t<\/div>\n\t\t<div class=\"elementor-element elementor-element-e2575c1 e-flex e-con-boxed e-con e-parent\" data-id=\"e2575c1\" data-element_type=\"container\" id=\"vicuna\" data-settings=\"{&quot;background_background&quot;:&quot;classic&quot;}\">\n\t\t\t\t\t<div class=\"e-con-inner\">\n\t\t<div class=\"elementor-element elementor-element-a1e61f2 e-con-full e-flex e-con e-child\" data-id=\"a1e61f2\" data-element_type=\"container\" data-settings=\"{&quot;background_background&quot;:&quot;classic&quot;}\">\n\t\t\t\t<div class=\"elementor-element elementor-element-d964d8a animated-slow elementor-invisible elementor-widget elementor-widget-image\" data-id=\"d964d8a\" data-element_type=\"widget\" data-settings=\"{&quot;_animation&quot;:&quot;fadeInUp&quot;,&quot;_animation_delay&quot;:0}\" data-widget_type=\"image.default\">\n\t\t\t\t\t\t\t\t\t\t\t\t\t\t\t<img fetchpriority=\"high\" decoding=\"async\" width=\"1696\" height=\"1846\" src=\"https:\/\/aiablog.whapruebas.com\/wp-content\/uploads\/2025\/09\/camelidos-vicugna-01.webp\" class=\"attachment-full size-full wp-image-2069\" alt=\"\" srcset=\"https:\/\/aiablog.whapruebas.com\/wp-content\/uploads\/2025\/09\/camelidos-vicugna-01.webp 1696w, https:\/\/aiablog.whapruebas.com\/wp-content\/uploads\/2025\/09\/camelidos-vicugna-01-768x836.webp 768w, https:\/\/aiablog.whapruebas.com\/wp-content\/uploads\/2025\/09\/camelidos-vicugna-01-1411x1536.webp 1411w\" sizes=\"(max-width: 1696px) 100vw, 1696px\" \/>\t\t\t\t\t\t\t\t\t\t\t\t\t\t\t<\/div>\n\t\t<div class=\"elementor-element elementor-element-b8e2a21 e-con-full e-flex e-con e-child\" data-id=\"b8e2a21\" data-element_type=\"container\">\n\t\t<div class=\"elementor-element elementor-element-9ab7431 e-con-full e-flex e-con e-child\" data-id=\"9ab7431\" data-element_type=\"container\" data-settings=\"{&quot;background_background&quot;:&quot;classic&quot;}\">\n\t\t\t\t<div class=\"elementor-element elementor-element-39ae568 elementor-widget elementor-widget-heading\" data-id=\"39ae568\" data-element_type=\"widget\" data-widget_type=\"heading.default\">\n\t\t\t\t\t<h1 class=\"elementor-heading-title elementor-size-default\">Vicu\u00f1a<\/h1>\t\t\t\t<\/div>\n\t\t\t\t<\/div>\n\t\t\t\t<div class=\"elementor-element elementor-element-354595e elementor-hidden-desktop elementor-hidden-tablet elementor-widget-divider--view-line elementor-widget elementor-widget-divider\" data-id=\"354595e\" data-element_type=\"widget\" data-widget_type=\"divider.default\">\n\t\t\t\t\t\t\t<div class=\"elementor-divider\">\n\t\t\t<span class=\"elementor-divider-separator\">\n\t\t\t\t\t\t<\/span>\n\t\t<\/div>\n\t\t\t\t\t\t<\/div>\n\t\t<div class=\"elementor-element elementor-element-b1f3051 e-con-full e-flex e-con e-child\" data-id=\"b1f3051\" data-element_type=\"container\" data-settings=\"{&quot;background_background&quot;:&quot;classic&quot;}\">\n\t\t\t\t<div class=\"elementor-element elementor-element-5b0a8ef elementor-widget elementor-widget-heading\" data-id=\"5b0a8ef\" data-element_type=\"widget\" data-widget_type=\"heading.default\">\n\t\t\t\t\t<h3 class=\"elementor-heading-title elementor-size-default\">Scientific name<\/h3>\t\t\t\t<\/div>\n\t\t\t\t<div class=\"elementor-element elementor-element-5ba746e elementor-widget elementor-widget-heading\" data-id=\"5ba746e\" data-element_type=\"widget\" data-widget_type=\"heading.default\">\n\t\t\t\t\t<h2 class=\"elementor-heading-title elementor-size-default\">Vicugna vicugna<\/h2>\t\t\t\t<\/div>\n\t\t\t\t<\/div>\n\t\t\t\t<\/div>\n\t\t\t\t<\/div>\n\t\t\t\t\t<\/div>\n\t\t\t\t<\/div>\n\t\t<div class=\"elementor-element elementor-element-b350396 e-con-full e-flex e-con e-parent\" data-id=\"b350396\" data-element_type=\"container\" data-settings=\"{&quot;background_background&quot;:&quot;classic&quot;}\">\n\t\t<div class=\"elementor-element elementor-element-a5a6245 e-con-full e-flex e-con e-child\" data-id=\"a5a6245\" data-element_type=\"container\" data-settings=\"{&quot;background_background&quot;:&quot;classic&quot;}\">\n\t\t<div class=\"elementor-element elementor-element-84e934a e-con-full e-flex e-con e-child\" data-id=\"84e934a\" data-element_type=\"container\" data-settings=\"{&quot;background_background&quot;:&quot;classic&quot;}\">\n\t\t<div class=\"elementor-element elementor-element-02a9c1e e-con-full animated-slow e-flex elementor-invisible e-con e-child\" data-id=\"02a9c1e\" data-element_type=\"container\" data-settings=\"{&quot;background_background&quot;:&quot;classic&quot;,&quot;animation&quot;:&quot;fadeInLeft&quot;}\">\n\t\t\t\t<div class=\"elementor-element elementor-element-e4cb60c elementor-widget__width-initial elementor-widget elementor-widget-heading\" data-id=\"e4cb60c\" data-element_type=\"widget\" data-settings=\"{&quot;_animation&quot;:&quot;none&quot;}\" data-widget_type=\"heading.default\">\n\t\t\t\t\t<h3 class=\"elementor-heading-title elementor-size-default\">Considered the finest animal fibre in the world.<\/h3>\t\t\t\t<\/div>\n\t\t\t\t<div class=\"elementor-element elementor-element-d3e0d66 elementor-widget__width-inherit elementor-widget-divider--view-line elementor-widget elementor-widget-divider\" data-id=\"d3e0d66\" data-element_type=\"widget\" data-widget_type=\"divider.default\">\n\t\t\t\t\t\t\t<div class=\"elementor-divider\">\n\t\t\t<span class=\"elementor-divider-separator\">\n\t\t\t\t\t\t<\/span>\n\t\t<\/div>\n\t\t\t\t\t\t<\/div>\n\t\t\t\t<div class=\"elementor-element elementor-element-401aa6e elementor-widget elementor-widget-text-editor\" data-id=\"401aa6e\" data-element_type=\"widget\" data-settings=\"{&quot;_animation&quot;:&quot;none&quot;}\" data-widget_type=\"text-editor.default\">\n\t\t\t\t\t\t\t\t\t<p>A fine, short fibre with locks that are generally straight or slightly wavy (it does not form curls), open in structure, with a silky appearance and not spongy.<\/p><p>\u00a0<\/p><p><strong>It has very high and uniform fineness (generally between 12 and 14 microns)<\/strong>, high natural lustre, extreme softness, shorter length than alpaca, low density, and excellent elasticity, with little tendency to felt or pill due to the fineness and structure of its fibre.<\/p>\t\t\t\t\t\t\t\t<\/div>\n\t\t\t\t<\/div>\n\t\t\t\t<\/div>\n\t\t<div class=\"elementor-element elementor-element-7125399 e-con-full e-flex e-con e-child\" data-id=\"7125399\" data-element_type=\"container\" data-settings=\"{&quot;background_background&quot;:&quot;classic&quot;}\">\n\t\t\t\t<\/div>\n\t\t\t\t<\/div>\n\t\t\t\t<\/div>\n\t\t<div class=\"elementor-element elementor-element-d57d201 e-flex e-con-boxed e-con e-parent\" data-id=\"d57d201\" data-element_type=\"container\" data-settings=\"{&quot;background_background&quot;:&quot;classic&quot;}\">\n\t\t\t\t\t<div class=\"e-con-inner\">\n\t\t<div class=\"elementor-element elementor-element-9905d03 e-con-full e-flex e-con e-child\" data-id=\"9905d03\" data-element_type=\"container\" data-settings=\"{&quot;background_background&quot;:&quot;classic&quot;}\">\n\t\t\t\t<div class=\"elementor-element elementor-element-aa17f5c animated-slow elementor-invisible elementor-widget elementor-widget-image\" data-id=\"aa17f5c\" data-element_type=\"widget\" data-settings=\"{&quot;_animation&quot;:&quot;fadeInUp&quot;}\" data-widget_type=\"image.default\">\n\t\t\t\t\t\t\t\t\t\t\t\t\t\t\t<img decoding=\"async\" width=\"1882\" height=\"1636\" src=\"https:\/\/aiablog.whapruebas.com\/wp-content\/uploads\/2025\/09\/camelidos-guanaco-01.webp\" class=\"attachment-full size-full wp-image-2182\" alt=\"\" srcset=\"https:\/\/aiablog.whapruebas.com\/wp-content\/uploads\/2025\/09\/camelidos-guanaco-01.webp 1882w, https:\/\/aiablog.whapruebas.com\/wp-content\/uploads\/2025\/09\/camelidos-guanaco-01-768x668.webp 768w, https:\/\/aiablog.whapruebas.com\/wp-content\/uploads\/2025\/09\/camelidos-guanaco-01-1536x1335.webp 1536w\" sizes=\"(max-width: 1882px) 100vw, 1882px\" \/>\t\t\t\t\t\t\t\t\t\t\t\t\t\t\t<\/div>\n\t\t<div class=\"elementor-element elementor-element-9765e34 e-con-full e-flex e-con e-child\" data-id=\"9765e34\" data-element_type=\"container\">\n\t\t<div class=\"elementor-element elementor-element-5489d42 e-con-full e-flex e-con e-child\" data-id=\"5489d42\" data-element_type=\"container\" data-settings=\"{&quot;background_background&quot;:&quot;classic&quot;}\">\n\t\t\t\t<div class=\"elementor-element elementor-element-371fbd9 elementor-widget elementor-widget-heading\" data-id=\"371fbd9\" data-element_type=\"widget\" data-widget_type=\"heading.default\">\n\t\t\t\t\t<h1 class=\"elementor-heading-title elementor-size-default\">Guanaco<\/h1>\t\t\t\t<\/div>\n\t\t\t\t<\/div>\n\t\t\t\t<div class=\"elementor-element elementor-element-9f42c9f elementor-hidden-desktop elementor-hidden-tablet elementor-widget-divider--view-line elementor-widget elementor-widget-divider\" data-id=\"9f42c9f\" data-element_type=\"widget\" data-widget_type=\"divider.default\">\n\t\t\t\t\t\t\t<div class=\"elementor-divider\">\n\t\t\t<span class=\"elementor-divider-separator\">\n\t\t\t\t\t\t<\/span>\n\t\t<\/div>\n\t\t\t\t\t\t<\/div>\n\t\t<div class=\"elementor-element elementor-element-d8fe54e e-con-full e-flex e-con e-child\" data-id=\"d8fe54e\" data-element_type=\"container\" data-settings=\"{&quot;background_background&quot;:&quot;classic&quot;}\">\n\t\t\t\t<div class=\"elementor-element elementor-element-e2c9ed4 elementor-widget elementor-widget-heading\" data-id=\"e2c9ed4\" data-element_type=\"widget\" data-widget_type=\"heading.default\">\n\t\t\t\t\t<h3 class=\"elementor-heading-title elementor-size-default\">Scientific name<\/h3>\t\t\t\t<\/div>\n\t\t\t\t<div class=\"elementor-element elementor-element-2c379c2 elementor-widget elementor-widget-heading\" data-id=\"2c379c2\" data-element_type=\"widget\" data-widget_type=\"heading.default\">\n\t\t\t\t\t<h2 class=\"elementor-heading-title elementor-size-default\">Lama guanicoe<\/h2>\t\t\t\t<\/div>\n\t\t\t\t<\/div>\n\t\t\t\t<\/div>\n\t\t\t\t<\/div>\n\t\t\t\t\t<\/div>\n\t\t\t\t<\/div>\n\t\t<div class=\"elementor-element elementor-element-4371897 e-con-full e-flex e-con e-parent\" data-id=\"4371897\" data-element_type=\"container\" data-settings=\"{&quot;background_background&quot;:&quot;classic&quot;}\">\n\t\t<div class=\"elementor-element elementor-element-13f60f0 e-con-full e-flex e-con e-child\" data-id=\"13f60f0\" data-element_type=\"container\" data-settings=\"{&quot;background_background&quot;:&quot;classic&quot;}\">\n\t\t<div class=\"elementor-element elementor-element-03a3a11 e-con-full e-flex e-con e-child\" data-id=\"03a3a11\" data-element_type=\"container\" data-settings=\"{&quot;background_background&quot;:&quot;classic&quot;}\">\n\t\t\t\t<\/div>\n\t\t<div class=\"elementor-element elementor-element-fb03c55 e-con-full e-flex e-con e-child\" data-id=\"fb03c55\" data-element_type=\"container\" data-settings=\"{&quot;background_background&quot;:&quot;classic&quot;}\">\n\t\t<div class=\"elementor-element elementor-element-b56eacb e-con-full animated-slow e-flex elementor-invisible e-con e-child\" data-id=\"b56eacb\" data-element_type=\"container\" data-settings=\"{&quot;background_background&quot;:&quot;classic&quot;,&quot;animation&quot;:&quot;fadeInRight&quot;}\">\n\t\t\t\t<div class=\"elementor-element elementor-element-e2a75f5 elementor-widget__width-initial elementor-widget elementor-widget-heading\" data-id=\"e2a75f5\" data-element_type=\"widget\" data-settings=\"{&quot;_animation&quot;:&quot;none&quot;}\" data-widget_type=\"heading.default\">\n\t\t\t\t\t<h3 class=\"elementor-heading-title elementor-size-default\">Considered a noble and wild fibre.<\/h3>\t\t\t\t<\/div>\n\t\t\t\t<div class=\"elementor-element elementor-element-e5fd3f6 elementor-widget__width-inherit elementor-widget-divider--view-line elementor-widget elementor-widget-divider\" data-id=\"e5fd3f6\" data-element_type=\"widget\" data-widget_type=\"divider.default\">\n\t\t\t\t\t\t\t<div class=\"elementor-divider\">\n\t\t\t<span class=\"elementor-divider-separator\">\n\t\t\t\t\t\t<\/span>\n\t\t<\/div>\n\t\t\t\t\t\t<\/div>\n\t\t\t\t<div class=\"elementor-element elementor-element-69c798d elementor-widget elementor-widget-text-editor\" data-id=\"69c798d\" data-element_type=\"widget\" data-settings=\"{&quot;_animation&quot;:&quot;none&quot;}\" data-widget_type=\"text-editor.default\">\n\t\t\t\t\t\t\t\t\t<p>It has slightly wavy locks, low loft, moderate thermal protection, <strong>fineness between 14 and 20 microns<\/strong>, moderate lustre, medium softness, short length, lower density, and greater elasticity than alpaca, with a medium tendency to friction.<\/p><p>It has a double coat (fine undercoat fibres and coarse outer guard hairs), which requires dehairing for fine textile applications.<\/p>\t\t\t\t\t\t\t\t<\/div>\n\t\t\t\t<\/div>\n\t\t\t\t<\/div>\n\t\t\t\t<\/div>\n\t\t\t\t<\/div>\n\t\t\t\t<\/div>","protected":false},"excerpt":{"rendered":"<p>Cam\u00e9lidos Sudamericanos Silvestres Patrimonio natural de los Andes Vicu\u00f1a Nombre cient\u00edfico Vicugna Vicugna Considerada la fibra animal m\u00e1s fina del mundo. Fibra fina, corta, con mechas generalmente rectas o ligeramente onduladas (no forma rulos), tipo abierto, aspecto sedoso, no es esponjosa. \u00a0 Presenta una finura muy alta y uniforme (generalmente entre 12 y 14 micrones), [&hellip;]<\/p>","protected":false},"author":1,"featured_media":0,"parent":0,"menu_order":0,"comment_status":"closed","ping_status":"closed","template":"","meta":{"footnotes":""},"class_list":["post-2055","page","type-page","status-publish","hentry"],"_links":{"self":[{"href":"https:\/\/aiablog.whapruebas.com\/en\/wp-json\/wp\/v2\/pages\/2055","targetHints":{"allow":["GET"]}}],"collection":[{"href":"https:\/\/aiablog.whapruebas.com\/en\/wp-json\/wp\/v2\/pages"}],"about":[{"href":"https:\/\/aiablog.whapruebas.com\/en\/wp-json\/wp\/v2\/types\/page"}],"author":[{"embeddable":true,"href":"https:\/\/aiablog.whapruebas.com\/en\/wp-json\/wp\/v2\/users\/1"}],"replies":[{"embeddable":true,"href":"https:\/\/aiablog.whapruebas.com\/en\/wp-json\/wp\/v2\/comments?post=2055"}],"version-history":[{"count":232,"href":"https:\/\/aiablog.whapruebas.com\/en\/wp-json\/wp\/v2\/pages\/2055\/revisions"}],"predecessor-version":[{"id":4917,"href":"https:\/\/aiablog.whapruebas.com\/en\/wp-json\/wp\/v2\/pages\/2055\/revisions\/4917"}],"wp:attachment":[{"href":"https:\/\/aiablog.whapruebas.com\/en\/wp-json\/wp\/v2\/media?parent=2055"}],"curies":[{"name":"wp","href":"https:\/\/api.w.org\/{rel}","templated":true}]}}