{"id":2226,"date":"2025-09-08T01:43:10","date_gmt":"2025-09-08T06:43:10","guid":{"rendered":"https:\/\/aiablog.whapruebas.com\/?page_id=2226"},"modified":"2025-09-25T21:54:51","modified_gmt":"2025-09-26T02:54:51","slug":"domestic-south-american-camelid","status":"publish","type":"page","link":"https:\/\/aiablog.whapruebas.com\/en\/domestic-south-american-camelid\/","title":{"rendered":"Cam\u00e9lidos sudamericanos domesticos"},"content":{"rendered":"<div data-elementor-type=\"wp-page\" data-elementor-id=\"2226\" class=\"elementor elementor-2226\" data-elementor-post-type=\"page\">\n\t\t\t\t<div class=\"elementor-element elementor-element-b5cfe33 e-con-full fondo-zoom animado e-flex e-con e-parent\" data-id=\"b5cfe33\" data-element_type=\"container\" id=\"arriba\" data-settings=\"{&quot;background_background&quot;:&quot;classic&quot;}\">\n\t\t<div class=\"elementor-element elementor-element-029e09c e-con-full e-flex e-con e-child\" data-id=\"029e09c\" data-element_type=\"container\">\n\t\t\t\t<div class=\"elementor-element elementor-element-6d81adb elementor-widget__width-initial elementor-invisible elementor-widget elementor-widget-heading\" data-id=\"6d81adb\" data-element_type=\"widget\" data-settings=\"{&quot;_animation&quot;:&quot;fadeIn&quot;,&quot;_animation_delay&quot;:500}\" data-widget_type=\"heading.default\">\n\t\t\t\t\t<h1 class=\"elementor-heading-title elementor-size-default\">Domestic South American Camelids<\/h1>\t\t\t\t<\/div>\n\t\t\t\t<div class=\"elementor-element elementor-element-baf771a elementor-widget__width-initial elementor-invisible elementor-widget elementor-widget-text-editor\" data-id=\"baf771a\" data-element_type=\"widget\" data-settings=\"{&quot;_animation&quot;:&quot;fadeInUp&quot;,&quot;_animation_delay&quot;:1000}\" data-widget_type=\"text-editor.default\">\n\t\t\t\t\t\t\t\t\t<p>A living heritage of high-Andean communities<\/p>\t\t\t\t\t\t\t\t<\/div>\n\t\t\t\t<\/div>\n\t\t<div class=\"elementor-element elementor-element-281a05f e-con-full e-flex e-con e-child\" data-id=\"281a05f\" data-element_type=\"container\">\n\t\t\t\t<div class=\"elementor-element elementor-element-2b4a737 elementor-view-default elementor-invisible elementor-widget elementor-widget-icon\" data-id=\"2b4a737\" data-element_type=\"widget\" data-settings=\"{&quot;_animation&quot;:&quot;fadeInUp&quot;,&quot;_animation_delay&quot;:2500}\" data-widget_type=\"icon.default\">\n\t\t\t\t\t\t\t<div class=\"elementor-icon-wrapper\">\n\t\t\t<a class=\"elementor-icon elementor-animation-grow\" href=\"#alpaca\">\n\t\t\t<svg aria-hidden=\"true\" class=\"e-font-icon-svg e-fas-chevron-down\" viewbox=\"0 0 448 512\" xmlns=\"http:\/\/www.w3.org\/2000\/svg\"><path d=\"M207.029 381.476L12.686 187.132c-9.373-9.373-9.373-24.569 0-33.941l22.667-22.667c9.357-9.357 24.522-9.375 33.901-.04L224 284.505l154.745-154.021c9.379-9.335 24.544-9.317 33.901.04l22.667 22.667c9.373 9.373 9.373 24.569 0 33.941L240.971 381.476c-9.373 9.372-24.569 9.372-33.942 0z\"><\/path><\/svg>\t\t\t<\/a>\n\t\t<\/div>\n\t\t\t\t\t\t<\/div>\n\t\t\t\t<\/div>\n\t\t\t\t<\/div>\n\t\t<div class=\"elementor-element elementor-element-2cfabea e-flex e-con-boxed e-con e-parent\" data-id=\"2cfabea\" data-element_type=\"container\" id=\"alpaca\" data-settings=\"{&quot;background_background&quot;:&quot;classic&quot;}\">\n\t\t\t\t\t<div class=\"e-con-inner\">\n\t\t<div class=\"elementor-element elementor-element-35018e3 e-con-full animated-slow e-flex e-con e-child\" data-id=\"35018e3\" data-element_type=\"container\" data-settings=\"{&quot;background_background&quot;:&quot;classic&quot;,&quot;animation&quot;:&quot;none&quot;,&quot;animation_delay&quot;:0}\">\n\t\t\t\t<div class=\"elementor-element elementor-element-0d4cce2 animated-slow elementor-invisible elementor-widget elementor-widget-image\" data-id=\"0d4cce2\" data-element_type=\"widget\" data-settings=\"{&quot;_animation&quot;:&quot;fadeInUp&quot;,&quot;_animation_delay&quot;:0}\" data-widget_type=\"image.default\">\n\t\t\t\t\t\t\t\t\t\t\t\t\t\t\t<img fetchpriority=\"high\" decoding=\"async\" width=\"1648\" height=\"1868\" src=\"https:\/\/aiablog.whapruebas.com\/wp-content\/uploads\/2025\/09\/camelidos-domesticos-alpaca-01.webp\" class=\"attachment-full size-full wp-image-2242\" alt=\"\" srcset=\"https:\/\/aiablog.whapruebas.com\/wp-content\/uploads\/2025\/09\/camelidos-domesticos-alpaca-01.webp 1648w, https:\/\/aiablog.whapruebas.com\/wp-content\/uploads\/2025\/09\/camelidos-domesticos-alpaca-01-768x871.webp 768w, https:\/\/aiablog.whapruebas.com\/wp-content\/uploads\/2025\/09\/camelidos-domesticos-alpaca-01-1355x1536.webp 1355w\" sizes=\"(max-width: 1648px) 100vw, 1648px\" \/>\t\t\t\t\t\t\t\t\t\t\t\t\t\t\t<\/div>\n\t\t<div class=\"elementor-element elementor-element-dec8edc e-con-full e-flex e-con e-child\" data-id=\"dec8edc\" data-element_type=\"container\">\n\t\t<div class=\"elementor-element elementor-element-e564506 e-con-full e-flex e-con e-child\" data-id=\"e564506\" data-element_type=\"container\" data-settings=\"{&quot;background_background&quot;:&quot;classic&quot;}\">\n\t\t\t\t<div class=\"elementor-element elementor-element-20b8923 elementor-widget elementor-widget-heading\" data-id=\"20b8923\" data-element_type=\"widget\" data-widget_type=\"heading.default\">\n\t\t\t\t\t<h1 class=\"elementor-heading-title elementor-size-default\">Alpaca<\/h1>\t\t\t\t<\/div>\n\t\t\t\t<\/div>\n\t\t\t\t<div class=\"elementor-element elementor-element-085cb59 elementor-hidden-desktop elementor-hidden-tablet elementor-widget-divider--view-line elementor-widget elementor-widget-divider\" data-id=\"085cb59\" data-element_type=\"widget\" data-widget_type=\"divider.default\">\n\t\t\t\t\t\t\t<div class=\"elementor-divider\">\n\t\t\t<span class=\"elementor-divider-separator\">\n\t\t\t\t\t\t<\/span>\n\t\t<\/div>\n\t\t\t\t\t\t<\/div>\n\t\t<div class=\"elementor-element elementor-element-94a8f57 e-con-full e-flex e-con e-child\" data-id=\"94a8f57\" data-element_type=\"container\" data-settings=\"{&quot;background_background&quot;:&quot;classic&quot;}\">\n\t\t\t\t<div class=\"elementor-element elementor-element-c22becb elementor-widget elementor-widget-heading\" data-id=\"c22becb\" data-element_type=\"widget\" data-widget_type=\"heading.default\">\n\t\t\t\t\t<h3 class=\"elementor-heading-title elementor-size-default\">Scientific name<\/h3>\t\t\t\t<\/div>\n\t\t\t\t<div class=\"elementor-element elementor-element-13a5068 elementor-widget elementor-widget-heading\" data-id=\"13a5068\" data-element_type=\"widget\" data-widget_type=\"heading.default\">\n\t\t\t\t\t<h2 class=\"elementor-heading-title elementor-size-default\">Vicugna pacos<\/h2>\t\t\t\t<\/div>\n\t\t\t\t<\/div>\n\t\t\t\t<\/div>\n\t\t\t\t<\/div>\n\t\t\t\t\t<\/div>\n\t\t\t\t<\/div>\n\t\t<div class=\"elementor-element elementor-element-1caf988 e-flex e-con-boxed e-con e-parent\" data-id=\"1caf988\" data-element_type=\"container\" data-settings=\"{&quot;background_background&quot;:&quot;classic&quot;}\">\n\t\t\t\t\t<div class=\"e-con-inner\">\n\t\t<div class=\"elementor-element elementor-element-fa21cef e-con-full e-flex e-con e-child\" data-id=\"fa21cef\" data-element_type=\"container\" data-settings=\"{&quot;animation&quot;:&quot;none&quot;}\">\n\t\t\t\t<div class=\"elementor-element elementor-element-ac6e009 elementor-widget__width-initial elementor-widget elementor-widget-heading\" data-id=\"ac6e009\" data-element_type=\"widget\" data-widget_type=\"heading.default\">\n\t\t\t\t\t<h3 class=\"elementor-heading-title elementor-size-default\">Breeds and qualities<\/h3>\t\t\t\t<\/div>\n\t\t\t\t<div class=\"elementor-element elementor-element-0c6162a elementor-widget elementor-widget-text-editor\" data-id=\"0c6162a\" data-element_type=\"widget\" data-widget_type=\"text-editor.default\">\n\t\t\t\t\t\t\t\t\t<p><strong>The Huacaya alpaca, the predominant type representing 85% of the population,<\/strong> is known for its voluminous fleece with crimped locks, a full and fluffy structure, greater density, and the widest range of natural shades.<\/p><p>\u00a0<\/p><p><strong>The Suri alpaca, which makes up the remaining 15% of the population,<\/strong> is recognised for its long fibre with hanging locks, straight, silky, and more elastic.<\/p>\t\t\t\t\t\t\t\t<\/div>\n\t\t\t\t<\/div>\n\t\t\t\t\t<\/div>\n\t\t\t\t<\/div>\n\t\t<div class=\"elementor-element elementor-element-0b142f6 e-con-full e-flex e-con e-parent\" data-id=\"0b142f6\" data-element_type=\"container\" data-settings=\"{&quot;background_background&quot;:&quot;classic&quot;}\">\n\t\t<div class=\"elementor-element elementor-element-2b6c4ec e-con-full e-flex e-con e-child\" data-id=\"2b6c4ec\" data-element_type=\"container\" data-settings=\"{&quot;background_background&quot;:&quot;classic&quot;}\">\n\t\t<div class=\"elementor-element elementor-element-56e42ee e-con-full e-flex e-con e-child\" data-id=\"56e42ee\" data-element_type=\"container\" data-settings=\"{&quot;background_background&quot;:&quot;slideshow&quot;,&quot;background_slideshow_gallery&quot;:[{&quot;id&quot;:2259,&quot;url&quot;:&quot;https:\\\/\\\/aiablog.whapruebas.com\\\/wp-content\\\/uploads\\\/2025\\\/09\\\/huacaya.webp&quot;},{&quot;id&quot;:2266,&quot;url&quot;:&quot;https:\\\/\\\/aiablog.whapruebas.com\\\/wp-content\\\/uploads\\\/2025\\\/09\\\/huacaya-03.webp&quot;},{&quot;id&quot;:2267,&quot;url&quot;:&quot;https:\\\/\\\/aiablog.whapruebas.com\\\/wp-content\\\/uploads\\\/2025\\\/09\\\/huacaya-04.webp&quot;},{&quot;id&quot;:2268,&quot;url&quot;:&quot;https:\\\/\\\/aiablog.whapruebas.com\\\/wp-content\\\/uploads\\\/2025\\\/09\\\/huacaya-02.webp&quot;}],&quot;background_slideshow_slide_duration&quot;:3000,&quot;background_slideshow_loop&quot;:&quot;yes&quot;,&quot;background_slideshow_slide_transition&quot;:&quot;fade&quot;,&quot;background_slideshow_transition_duration&quot;:500}\">\n\t\t\t\t<\/div>\n\t\t<div class=\"elementor-element elementor-element-cc12496 e-con-full e-flex e-con e-child\" data-id=\"cc12496\" data-element_type=\"container\" data-settings=\"{&quot;background_background&quot;:&quot;classic&quot;}\">\n\t\t<div class=\"elementor-element elementor-element-dda41a8 e-con-full animated-slow e-flex elementor-invisible e-con e-child\" data-id=\"dda41a8\" data-element_type=\"container\" data-settings=\"{&quot;background_background&quot;:&quot;classic&quot;,&quot;animation&quot;:&quot;fadeInRight&quot;}\">\n\t\t\t\t<div class=\"elementor-element elementor-element-cf1883d elementor-widget elementor-widget-heading\" data-id=\"cf1883d\" data-element_type=\"widget\" data-widget_type=\"heading.default\">\n\t\t\t\t\t<h2 class=\"elementor-heading-title elementor-size-default\">Huacaya<\/h2>\t\t\t\t<\/div>\n\t\t\t\t<div class=\"elementor-element elementor-element-d3b64fc elementor-widget__width-inherit elementor-widget-divider--view-line elementor-widget elementor-widget-divider\" data-id=\"d3b64fc\" data-element_type=\"widget\" data-widget_type=\"divider.default\">\n\t\t\t\t\t\t\t<div class=\"elementor-divider\">\n\t\t\t<span class=\"elementor-divider-separator\">\n\t\t\t\t\t\t<\/span>\n\t\t<\/div>\n\t\t\t\t\t\t<\/div>\n\t\t\t\t<div class=\"elementor-element elementor-element-50ffb2d elementor-widget elementor-widget-text-editor\" data-id=\"50ffb2d\" data-element_type=\"widget\" data-widget_type=\"text-editor.default\">\n\t\t\t\t\t\t\t\t\t<ul><li>Crimped, full, fluffy locks.<\/li><li>Protects the body; wide fineness range (16 to 32 microns).<\/li><li>Less lustrous, higher density, less elastic, with a tendency toward friction.<\/li><\/ul>\t\t\t\t\t\t\t\t<\/div>\n\t\t\t\t<\/div>\n\t\t\t\t<\/div>\n\t\t\t\t<\/div>\n\t\t\t\t<\/div>\n\t\t<div class=\"elementor-element elementor-element-b6ab761 e-con-full e-flex e-con e-parent\" data-id=\"b6ab761\" data-element_type=\"container\" data-settings=\"{&quot;background_background&quot;:&quot;classic&quot;}\">\n\t\t<div class=\"elementor-element elementor-element-626e8c4 e-con-full e-flex e-con e-child\" data-id=\"626e8c4\" data-element_type=\"container\" data-settings=\"{&quot;background_background&quot;:&quot;classic&quot;}\">\n\t\t<div class=\"elementor-element elementor-element-3774872 e-con-full e-flex e-con e-child\" data-id=\"3774872\" data-element_type=\"container\" data-settings=\"{&quot;background_background&quot;:&quot;classic&quot;}\">\n\t\t<div class=\"elementor-element elementor-element-e7385e2 e-con-full animated-slow e-flex elementor-invisible e-con e-child\" data-id=\"e7385e2\" data-element_type=\"container\" data-settings=\"{&quot;background_background&quot;:&quot;classic&quot;,&quot;animation&quot;:&quot;fadeInLeft&quot;}\">\n\t\t\t\t<div class=\"elementor-element elementor-element-719fc74 elementor-widget elementor-widget-heading\" data-id=\"719fc74\" data-element_type=\"widget\" data-widget_type=\"heading.default\">\n\t\t\t\t\t<h2 class=\"elementor-heading-title elementor-size-default\">Suri<\/h2>\t\t\t\t<\/div>\n\t\t\t\t<div class=\"elementor-element elementor-element-03e02f2 elementor-widget__width-inherit elementor-widget-divider--view-line elementor-widget elementor-widget-divider\" data-id=\"03e02f2\" data-element_type=\"widget\" data-widget_type=\"divider.default\">\n\t\t\t\t\t\t\t<div class=\"elementor-divider\">\n\t\t\t<span class=\"elementor-divider-separator\">\n\t\t\t\t\t\t<\/span>\n\t\t<\/div>\n\t\t\t\t\t\t<\/div>\n\t\t\t\t<div class=\"elementor-element elementor-element-42d54a6 elementor-invisible elementor-widget elementor-widget-text-editor\" data-id=\"42d54a6\" data-element_type=\"widget\" data-settings=\"{&quot;_animation&quot;:&quot;fadeInLeft&quot;}\" data-widget_type=\"text-editor.default\">\n\t\t\t\t\t\t\t\t\t<ul><li>Straight, softer fibre.<\/li><li>Wide fineness range (18 to 32 microns), divided lock structure, exposes the back, and is lustrous with hair-like characteristics.<\/li><li>Greater length, long hanging locks, higher density, more elastic.<\/li><\/ul>\t\t\t\t\t\t\t\t<\/div>\n\t\t\t\t<\/div>\n\t\t\t\t<\/div>\n\t\t<div class=\"elementor-element elementor-element-c679da2 e-con-full e-flex e-con e-child\" data-id=\"c679da2\" data-element_type=\"container\" data-settings=\"{&quot;background_background&quot;:&quot;slideshow&quot;,&quot;background_slideshow_gallery&quot;:[{&quot;id&quot;:2295,&quot;url&quot;:&quot;https:\\\/\\\/aiablog.whapruebas.com\\\/wp-content\\\/uploads\\\/2025\\\/09\\\/suri-03-02.webp&quot;},{&quot;id&quot;:2287,&quot;url&quot;:&quot;https:\\\/\\\/aiablog.whapruebas.com\\\/wp-content\\\/uploads\\\/2025\\\/09\\\/suri-04.webp&quot;},{&quot;id&quot;:2289,&quot;url&quot;:&quot;https:\\\/\\\/aiablog.whapruebas.com\\\/wp-content\\\/uploads\\\/2025\\\/09\\\/suri-02.webp&quot;}],&quot;background_slideshow_slide_duration&quot;:3000,&quot;background_slideshow_loop&quot;:&quot;yes&quot;,&quot;background_slideshow_slide_transition&quot;:&quot;fade&quot;,&quot;background_slideshow_transition_duration&quot;:500}\">\n\t\t\t\t<\/div>\n\t\t\t\t<\/div>\n\t\t\t\t<\/div>\n\t\t<div class=\"elementor-element elementor-element-6b018d2 e-flex e-con-boxed e-con e-parent\" data-id=\"6b018d2\" data-element_type=\"container\" data-settings=\"{&quot;background_background&quot;:&quot;classic&quot;}\">\n\t\t\t\t\t<div class=\"e-con-inner\">\n\t\t<div class=\"elementor-element elementor-element-413a86e e-con-full animated-slow e-flex e-con e-child\" data-id=\"413a86e\" data-element_type=\"container\" data-settings=\"{&quot;background_background&quot;:&quot;classic&quot;,&quot;animation&quot;:&quot;none&quot;}\">\n\t\t\t\t<div class=\"elementor-element elementor-element-ea437d8 animated-slow elementor-invisible elementor-widget elementor-widget-image\" data-id=\"ea437d8\" data-element_type=\"widget\" data-settings=\"{&quot;_animation&quot;:&quot;fadeInUp&quot;}\" data-widget_type=\"image.default\">\n\t\t\t\t\t\t\t\t\t\t\t\t\t\t\t<img decoding=\"async\" width=\"1790\" height=\"1858\" src=\"https:\/\/aiablog.whapruebas.com\/wp-content\/uploads\/2025\/09\/llama-01.webp\" class=\"attachment-full size-full wp-image-2308\" alt=\"\" srcset=\"https:\/\/aiablog.whapruebas.com\/wp-content\/uploads\/2025\/09\/llama-01.webp 1790w, https:\/\/aiablog.whapruebas.com\/wp-content\/uploads\/2025\/09\/llama-01-768x797.webp 768w, https:\/\/aiablog.whapruebas.com\/wp-content\/uploads\/2025\/09\/llama-01-1480x1536.webp 1480w\" sizes=\"(max-width: 1790px) 100vw, 1790px\" \/>\t\t\t\t\t\t\t\t\t\t\t\t\t\t\t<\/div>\n\t\t<div class=\"elementor-element elementor-element-5163d3f e-con-full e-flex e-con e-child\" data-id=\"5163d3f\" data-element_type=\"container\">\n\t\t<div class=\"elementor-element elementor-element-4f24abe e-con-full e-flex e-con e-child\" data-id=\"4f24abe\" data-element_type=\"container\" data-settings=\"{&quot;background_background&quot;:&quot;classic&quot;}\">\n\t\t\t\t<div class=\"elementor-element elementor-element-3cf0cc4 elementor-widget elementor-widget-heading\" data-id=\"3cf0cc4\" data-element_type=\"widget\" data-widget_type=\"heading.default\">\n\t\t\t\t\t<h1 class=\"elementor-heading-title elementor-size-default\">Llama<\/h1>\t\t\t\t<\/div>\n\t\t\t\t<\/div>\n\t\t\t\t<div class=\"elementor-element elementor-element-25c4f6a elementor-hidden-desktop elementor-hidden-tablet elementor-widget-divider--view-line elementor-widget elementor-widget-divider\" data-id=\"25c4f6a\" data-element_type=\"widget\" data-widget_type=\"divider.default\">\n\t\t\t\t\t\t\t<div class=\"elementor-divider\">\n\t\t\t<span class=\"elementor-divider-separator\">\n\t\t\t\t\t\t<\/span>\n\t\t<\/div>\n\t\t\t\t\t\t<\/div>\n\t\t<div class=\"elementor-element elementor-element-ccdae5a e-con-full e-flex e-con e-child\" data-id=\"ccdae5a\" data-element_type=\"container\" data-settings=\"{&quot;background_background&quot;:&quot;classic&quot;}\">\n\t\t\t\t<div class=\"elementor-element elementor-element-8bbb2ec elementor-widget elementor-widget-heading\" data-id=\"8bbb2ec\" data-element_type=\"widget\" data-widget_type=\"heading.default\">\n\t\t\t\t\t<h3 class=\"elementor-heading-title elementor-size-default\">Scientific name<\/h3>\t\t\t\t<\/div>\n\t\t\t\t<div class=\"elementor-element elementor-element-1366e8a elementor-widget elementor-widget-heading\" data-id=\"1366e8a\" data-element_type=\"widget\" data-widget_type=\"heading.default\">\n\t\t\t\t\t<h2 class=\"elementor-heading-title elementor-size-default\">Llama glama<\/h2>\t\t\t\t<\/div>\n\t\t\t\t<\/div>\n\t\t\t\t<\/div>\n\t\t\t\t<\/div>\n\t\t\t\t\t<\/div>\n\t\t\t\t<\/div>\n\t\t<div class=\"elementor-element elementor-element-9ffe3a3 e-con-full e-flex e-con e-parent\" data-id=\"9ffe3a3\" data-element_type=\"container\" data-settings=\"{&quot;background_background&quot;:&quot;classic&quot;}\">\n\t\t<div class=\"elementor-element elementor-element-cfa4236 e-con-full e-flex e-con e-child\" data-id=\"cfa4236\" data-element_type=\"container\" data-settings=\"{&quot;background_background&quot;:&quot;classic&quot;}\">\n\t\t<div class=\"elementor-element elementor-element-4c665e3 e-con-full e-flex e-con e-child\" data-id=\"4c665e3\" data-element_type=\"container\" data-settings=\"{&quot;background_background&quot;:&quot;slideshow&quot;,&quot;background_slideshow_gallery&quot;:[{&quot;id&quot;:4146,&quot;url&quot;:&quot;https:\\\/\\\/aiablog.whapruebas.com\\\/wp-content\\\/uploads\\\/2025\\\/09\\\/Llama-4.png&quot;},{&quot;id&quot;:4147,&quot;url&quot;:&quot;https:\\\/\\\/aiablog.whapruebas.com\\\/wp-content\\\/uploads\\\/2025\\\/09\\\/thumbnail2-1.png&quot;}],&quot;background_slideshow_slide_duration&quot;:3000,&quot;background_slideshow_loop&quot;:&quot;yes&quot;,&quot;background_slideshow_slide_transition&quot;:&quot;fade&quot;,&quot;background_slideshow_transition_duration&quot;:500}\">\n\t\t\t\t<\/div>\n\t\t<div class=\"elementor-element elementor-element-767667e e-con-full e-flex e-con e-child\" data-id=\"767667e\" data-element_type=\"container\" data-settings=\"{&quot;background_background&quot;:&quot;classic&quot;}\">\n\t\t<div class=\"elementor-element elementor-element-eb7feda e-con-full animated-slow e-flex elementor-invisible e-con e-child\" data-id=\"eb7feda\" data-element_type=\"container\" data-settings=\"{&quot;background_background&quot;:&quot;classic&quot;,&quot;animation&quot;:&quot;fadeInRight&quot;}\">\n\t\t\t\t<div class=\"elementor-element elementor-element-d977568 elementor-widget elementor-widget-heading\" data-id=\"d977568\" data-element_type=\"widget\" data-widget_type=\"heading.default\">\n\t\t\t\t\t<h2 class=\"elementor-heading-title elementor-size-default\">Q\u2019ara<\/h2>\t\t\t\t<\/div>\n\t\t\t\t<div class=\"elementor-element elementor-element-dec655d elementor-widget__width-inherit elementor-widget-divider--view-line elementor-widget elementor-widget-divider\" data-id=\"dec655d\" data-element_type=\"widget\" data-widget_type=\"divider.default\">\n\t\t\t\t\t\t\t<div class=\"elementor-divider\">\n\t\t\t<span class=\"elementor-divider-separator\">\n\t\t\t\t\t\t<\/span>\n\t\t<\/div>\n\t\t\t\t\t\t<\/div>\n\t\t\t\t<div class=\"elementor-element elementor-element-1042402 elementor-widget elementor-widget-text-editor\" data-id=\"1042402\" data-element_type=\"widget\" data-widget_type=\"text-editor.default\">\n\t\t\t\t\t\t\t\t\t<ul><li>Irregular locks, slightly crimped or straight, open type, with little fluffiness.<\/li><li>Low thermal protection capacity; highly variable fineness (20 to 40 microns); low lustre; coarse to the touch; greater length; low density of usable fibre; low elasticity; high presence of coarse fibres or guard hairs.<\/li><li>Tends to matting and friction, which lowers its textile quality.<\/li><li>Requires intensive dehairing for proper use.<\/li><\/ul>\t\t\t\t\t\t\t\t<\/div>\n\t\t\t\t<\/div>\n\t\t\t\t<\/div>\n\t\t\t\t<\/div>\n\t\t\t\t<\/div>\n\t\t<div class=\"elementor-element elementor-element-7ca7807 e-con-full e-flex e-con e-parent\" data-id=\"7ca7807\" data-element_type=\"container\" data-settings=\"{&quot;background_background&quot;:&quot;classic&quot;}\">\n\t\t<div class=\"elementor-element elementor-element-f844c57 e-con-full e-flex e-con e-child\" data-id=\"f844c57\" data-element_type=\"container\" data-settings=\"{&quot;background_background&quot;:&quot;classic&quot;}\">\n\t\t<div class=\"elementor-element elementor-element-2653014 e-con-full e-flex e-con e-child\" data-id=\"2653014\" data-element_type=\"container\" data-settings=\"{&quot;background_background&quot;:&quot;classic&quot;}\">\n\t\t<div class=\"elementor-element elementor-element-8d7f6ca e-con-full animated-slow e-flex elementor-invisible e-con e-child\" data-id=\"8d7f6ca\" data-element_type=\"container\" data-settings=\"{&quot;background_background&quot;:&quot;classic&quot;,&quot;animation&quot;:&quot;fadeInLeft&quot;}\">\n\t\t\t\t<div class=\"elementor-element elementor-element-5fc081e elementor-widget elementor-widget-heading\" data-id=\"5fc081e\" data-element_type=\"widget\" data-widget_type=\"heading.default\">\n\t\t\t\t\t<h2 class=\"elementor-heading-title elementor-size-default\">Ch\u2019aku<\/h2>\t\t\t\t<\/div>\n\t\t\t\t<div class=\"elementor-element elementor-element-3fdc6bd elementor-widget__width-inherit elementor-widget-divider--view-line elementor-widget elementor-widget-divider\" data-id=\"3fdc6bd\" data-element_type=\"widget\" data-widget_type=\"divider.default\">\n\t\t\t\t\t\t\t<div class=\"elementor-divider\">\n\t\t\t<span class=\"elementor-divider-separator\">\n\t\t\t\t\t\t<\/span>\n\t\t<\/div>\n\t\t\t\t\t\t<\/div>\n\t\t\t\t<div class=\"elementor-element elementor-element-a50c0d8 elementor-widget elementor-widget-text-editor\" data-id=\"a50c0d8\" data-element_type=\"widget\" data-widget_type=\"text-editor.default\">\n\t\t\t\t\t\t\t\t\t<ul><li>Wavy locks, slightly fluffy.<\/li><li>Good thermal protection capacity; medium to coarse fineness (18 to 30 microns); low to moderate lustre; medium to long length; moderate elasticity; with a lower tendency to friction.<\/li><li>It still requires dehairing (though to a lesser degree), and its fibre can be used in semi-fine or artisanal textiles.<\/li><\/ul>\t\t\t\t\t\t\t\t<\/div>\n\t\t\t\t<\/div>\n\t\t\t\t<\/div>\n\t\t<div class=\"elementor-element elementor-element-ce1916a e-con-full e-flex e-con e-child\" data-id=\"ce1916a\" data-element_type=\"container\" data-settings=\"{&quot;background_background&quot;:&quot;slideshow&quot;,&quot;background_slideshow_gallery&quot;:[{&quot;id&quot;:4149,&quot;url&quot;:&quot;https:\\\/\\\/aiablog.whapruebas.com\\\/wp-content\\\/uploads\\\/2025\\\/09\\\/Foto-Michell-1.png&quot;},{&quot;id&quot;:4148,&quot;url&quot;:&quot;https:\\\/\\\/aiablog.whapruebas.com\\\/wp-content\\\/uploads\\\/2025\\\/09\\\/thumbnail3-1.png&quot;}],&quot;background_slideshow_slide_duration&quot;:3000,&quot;background_slideshow_loop&quot;:&quot;yes&quot;,&quot;background_slideshow_slide_transition&quot;:&quot;fade&quot;,&quot;background_slideshow_transition_duration&quot;:500}\">\n\t\t\t\t<\/div>\n\t\t\t\t<\/div>\n\t\t\t\t<\/div>\n\t\t\t\t<\/div>","protected":false},"excerpt":{"rendered":"<p>Cam\u00e9lidos Sudamericanos Dom\u00e9sticos Herencia viva de las poblaciones altoandinas Alpaca Nombre cient\u00edfico Vicugna Pacos Razas y calidades La alpaca Huacaya, es el tipo predominante con el 85% de la poblaci\u00f3n, conocido por su vell\u00f3n voluminoso con mechas en forma de rulos, tipo entero, esponjoso, mayor densidad, y con la m\u00e1s amplia gama de tonos naturales. [&hellip;]<\/p>","protected":false},"author":1,"featured_media":0,"parent":0,"menu_order":0,"comment_status":"closed","ping_status":"closed","template":"","meta":{"footnotes":""},"class_list":["post-2226","page","type-page","status-publish","hentry"],"_links":{"self":[{"href":"https:\/\/aiablog.whapruebas.com\/en\/wp-json\/wp\/v2\/pages\/2226","targetHints":{"allow":["GET"]}}],"collection":[{"href":"https:\/\/aiablog.whapruebas.com\/en\/wp-json\/wp\/v2\/pages"}],"about":[{"href":"https:\/\/aiablog.whapruebas.com\/en\/wp-json\/wp\/v2\/types\/page"}],"author":[{"embeddable":true,"href":"https:\/\/aiablog.whapruebas.com\/en\/wp-json\/wp\/v2\/users\/1"}],"replies":[{"embeddable":true,"href":"https:\/\/aiablog.whapruebas.com\/en\/wp-json\/wp\/v2\/comments?post=2226"}],"version-history":[{"count":157,"href":"https:\/\/aiablog.whapruebas.com\/en\/wp-json\/wp\/v2\/pages\/2226\/revisions"}],"predecessor-version":[{"id":4966,"href":"https:\/\/aiablog.whapruebas.com\/en\/wp-json\/wp\/v2\/pages\/2226\/revisions\/4966"}],"wp:attachment":[{"href":"https:\/\/aiablog.whapruebas.com\/en\/wp-json\/wp\/v2\/media?parent=2226"}],"curies":[{"name":"wp","href":"https:\/\/api.w.org\/{rel}","templated":true}]}}