{"id":2800,"date":"2025-09-08T08:53:58","date_gmt":"2025-09-08T13:53:58","guid":{"rendered":"https:\/\/aiablog.whapruebas.com\/?page_id=2800"},"modified":"2025-09-20T11:59:51","modified_gmt":"2025-09-20T16:59:51","slug":"terms-and-conditions","status":"publish","type":"page","link":"https:\/\/aiablog.whapruebas.com\/en\/terms-and-conditions\/","title":{"rendered":"Terms and Conditions"},"content":{"rendered":"<div data-elementor-type=\"wp-page\" data-elementor-id=\"2800\" class=\"elementor elementor-2800\" data-elementor-post-type=\"page\">\n\t\t\t\t<div class=\"elementor-element elementor-element-af79d9a e-con-full fondo-zoom animado e-flex e-con e-parent\" data-id=\"af79d9a\" data-element_type=\"container\" data-settings=\"{&quot;background_background&quot;:&quot;classic&quot;}\">\n\t\t<div class=\"elementor-element elementor-element-c961ecb e-con-full e-flex e-con e-child\" data-id=\"c961ecb\" data-element_type=\"container\">\n\t\t\t\t<div class=\"elementor-element elementor-element-2d0dde9 elementor-widget__width-initial elementor-invisible elementor-widget elementor-widget-heading\" data-id=\"2d0dde9\" data-element_type=\"widget\" data-settings=\"{&quot;_animation&quot;:&quot;fadeIn&quot;,&quot;_animation_delay&quot;:500}\" data-widget_type=\"heading.default\">\n\t\t\t\t\t<h1 class=\"elementor-heading-title elementor-size-default\">Terms and Conditions<\/h1>\t\t\t\t<\/div>\n\t\t\t\t<\/div>\n\t\t<div class=\"elementor-element elementor-element-8ebe34d e-con-full e-flex e-con e-child\" data-id=\"8ebe34d\" data-element_type=\"container\">\n\t\t\t\t<div class=\"elementor-element elementor-element-30c73f2 elementor-widget elementor-widget-image\" data-id=\"30c73f2\" data-element_type=\"widget\" data-widget_type=\"image.default\">\n\t\t\t\t\t\t\t\t\t\t\t\t\t\t\t\t<a href=\"#terminos\">\n\t\t\t\t\t\t\t<img decoding=\"async\" width=\"58\" height=\"58\" src=\"https:\/\/aiablog.whapruebas.com\/wp-content\/uploads\/2025\/08\/flecha-down.svg\" class=\"attachment-large size-large wp-image-517\" alt=\"\" \/>\t\t\t\t\t\t\t\t<\/a>\n\t\t\t\t\t\t\t\t\t\t\t\t\t\t\t<\/div>\n\t\t\t\t<\/div>\n\t\t\t\t<\/div>\n\t\t<div class=\"elementor-element elementor-element-5007d45 e-flex e-con-boxed e-con e-parent\" data-id=\"5007d45\" data-element_type=\"container\" id=\"terminos\" data-settings=\"{&quot;background_background&quot;:&quot;classic&quot;}\">\n\t\t\t\t\t<div class=\"e-con-inner\">\n\t\t\t\t<div class=\"elementor-element elementor-element-25e7fe6 elementor-widget elementor-widget-heading\" data-id=\"25e7fe6\" data-element_type=\"widget\" data-widget_type=\"heading.default\">\n\t\t\t\t\t<h2 class=\"elementor-heading-title elementor-size-default\">Terms and Conditions<\/h2>\t\t\t\t<\/div>\n\t\t<div class=\"elementor-element elementor-element-026d50e e-con-full e-flex e-con e-child\" data-id=\"026d50e\" data-element_type=\"container\" data-settings=\"{&quot;background_background&quot;:&quot;classic&quot;}\">\n\t\t<div class=\"elementor-element elementor-element-ef0be39 e-con-full e-flex e-con e-child\" data-id=\"ef0be39\" data-element_type=\"container\" data-settings=\"{&quot;background_background&quot;:&quot;classic&quot;}\">\n\t\t\t\t<div class=\"elementor-element elementor-element-86b71ad elementor-widget__width-initial elementor-widget elementor-widget-text-editor\" data-id=\"86b71ad\" data-element_type=\"widget\" data-widget_type=\"text-editor.default\">\n\t\t\t\t\t\t\t\t\t<p>Welcome to our website. By accessing and using this page, you agree to the following Terms and Conditions. Please read them carefully.<\/p>\t\t\t\t\t\t\t\t<\/div>\n\t\t<div class=\"elementor-element elementor-element-a30cce2 e-con-full e-flex e-con e-child\" data-id=\"a30cce2\" data-element_type=\"container\">\n\t\t\t\t<div class=\"elementor-element elementor-element-ad01741 elementor-widget__width-initial elementor-widget elementor-widget-heading\" data-id=\"ad01741\" data-element_type=\"widget\" data-widget_type=\"heading.default\">\n\t\t\t\t\t<h3 class=\"elementor-heading-title elementor-size-default\">User Acceptance<\/h3>\t\t\t\t<\/div>\n\t\t\t\t<div class=\"elementor-element elementor-element-b5f3345 elementor-widget elementor-widget-text-editor\" data-id=\"b5f3345\" data-element_type=\"widget\" data-widget_type=\"text-editor.default\">\n\t\t\t\t\t\t\t\t\t<p>Use of this website implies full and unconditional acceptance of these terms. If you do not agree, we ask that you refrain from using this site.<\/p>\t\t\t\t\t\t\t\t<\/div>\n\t\t\t\t<\/div>\n\t\t<div class=\"elementor-element elementor-element-b75e803 e-con-full e-flex e-con e-child\" data-id=\"b75e803\" data-element_type=\"container\">\n\t\t\t\t<div class=\"elementor-element elementor-element-1b07fb5 elementor-widget__width-initial elementor-widget elementor-widget-heading\" data-id=\"1b07fb5\" data-element_type=\"widget\" data-widget_type=\"heading.default\">\n\t\t\t\t\t<h3 class=\"elementor-heading-title elementor-size-default\">Site Use<\/h3>\t\t\t\t<\/div>\n\t\t\t\t<div class=\"elementor-element elementor-element-4c4419c elementor-widget elementor-widget-text-editor\" data-id=\"4c4419c\" data-element_type=\"widget\" data-widget_type=\"text-editor.default\">\n\t\t\t\t\t\t\t\t\t<p>The content on this site is informational and intended to provide a better user experience. Misuse such as copying, distributing, or modifying the information without prior authorisation is prohibited.<\/p>\t\t\t\t\t\t\t\t<\/div>\n\t\t\t\t<\/div>\n\t\t<div class=\"elementor-element elementor-element-57af6f1 e-con-full e-flex e-con e-child\" data-id=\"57af6f1\" data-element_type=\"container\">\n\t\t\t\t<div class=\"elementor-element elementor-element-36445fe elementor-widget__width-initial elementor-widget elementor-widget-heading\" data-id=\"36445fe\" data-element_type=\"widget\" data-widget_type=\"heading.default\">\n\t\t\t\t\t<h3 class=\"elementor-heading-title elementor-size-default\">Intellectual Property<\/h3>\t\t\t\t<\/div>\n\t\t\t\t<div class=\"elementor-element elementor-element-eca0031 elementor-widget elementor-widget-text-editor\" data-id=\"eca0031\" data-element_type=\"widget\" data-widget_type=\"text-editor.default\">\n\t\t\t\t\t\t\t\t\t<p>All copyrights, trademarks, logos, texts, images, and other content are the property of the company or authorised third parties. Reproduction is not permitted without explicit permission.<\/p>\t\t\t\t\t\t\t\t<\/div>\n\t\t\t\t<\/div>\n\t\t<div class=\"elementor-element elementor-element-f0dff3e e-con-full e-flex e-con e-child\" data-id=\"f0dff3e\" data-element_type=\"container\">\n\t\t\t\t<div class=\"elementor-element elementor-element-4030dab elementor-widget__width-initial elementor-widget elementor-widget-heading\" data-id=\"4030dab\" data-element_type=\"widget\" data-widget_type=\"heading.default\">\n\t\t\t\t\t<h3 class=\"elementor-heading-title elementor-size-default\">Third Party Links<\/h3>\t\t\t\t<\/div>\n\t\t\t\t<div class=\"elementor-element elementor-element-9d14f25 elementor-widget elementor-widget-text-editor\" data-id=\"9d14f25\" data-element_type=\"widget\" data-widget_type=\"text-editor.default\">\n\t\t\t\t\t\t\t\t\t<p>We may include external links to provide additional information. We are not responsible for the content, policies, or services offered by those sites.<\/p>\t\t\t\t\t\t\t\t<\/div>\n\t\t\t\t<\/div>\n\t\t<div class=\"elementor-element elementor-element-2682a2e e-con-full e-flex e-con e-child\" data-id=\"2682a2e\" data-element_type=\"container\">\n\t\t\t\t<div class=\"elementor-element elementor-element-57eb1c5 elementor-widget__width-initial elementor-widget elementor-widget-heading\" data-id=\"57eb1c5\" data-element_type=\"widget\" data-widget_type=\"heading.default\">\n\t\t\t\t\t<h3 class=\"elementor-heading-title elementor-size-default\">Modifications<\/h3>\t\t\t\t<\/div>\n\t\t\t\t<div class=\"elementor-element elementor-element-5879ba5 elementor-widget elementor-widget-text-editor\" data-id=\"5879ba5\" data-element_type=\"widget\" data-widget_type=\"text-editor.default\">\n\t\t\t\t\t\t\t\t\t<p>We reserve the right to modify these terms at any time. Updates will be published on this same page.<\/p>\t\t\t\t\t\t\t\t<\/div>\n\t\t\t\t<\/div>\n\t\t<div class=\"elementor-element elementor-element-fea3010 e-con-full e-flex e-con e-child\" data-id=\"fea3010\" data-element_type=\"container\">\n\t\t\t\t<div class=\"elementor-element elementor-element-f1a7fcc elementor-widget__width-initial elementor-widget elementor-widget-heading\" data-id=\"f1a7fcc\" data-element_type=\"widget\" data-widget_type=\"heading.default\">\n\t\t\t\t\t<h3 class=\"elementor-heading-title elementor-size-default\">Limited Liability<\/h3>\t\t\t\t<\/div>\n\t\t\t\t<div class=\"elementor-element elementor-element-874f7d1 elementor-widget elementor-widget-text-editor\" data-id=\"874f7d1\" data-element_type=\"widget\" data-widget_type=\"text-editor.default\">\n\t\t\t\t\t\t\t\t\t<p>The company shall not be liable for damages arising from the use of the website, service interruptions, technical errors, or unauthorised access to user data.<\/p>\t\t\t\t\t\t\t\t<\/div>\n\t\t\t\t<\/div>\n\t\t\t\t<\/div>\n\t\t\t\t<\/div>\n\t\t\t\t\t<\/div>\n\t\t\t\t<\/div>\n\t\t\t\t<\/div>","protected":false},"excerpt":{"rendered":"<p>T\u00e9rminos y condiciones T\u00e9rminos y condiciones Bienvenido\/a a nuestro sitio web. Al acceder y utilizar esta p\u00e1gina, aceptas los siguientes T\u00e9rminos y Condiciones. Por favor, l\u00e9elos detenidamente. Aceptaci\u00f3n del usuario El uso de este sitio web implica la aceptaci\u00f3n plena y sin reservas de los presentes t\u00e9rminos. Si no est\u00e1s de acuerdo, te solicitamos no [&hellip;]<\/p>","protected":false},"author":1,"featured_media":0,"parent":0,"menu_order":0,"comment_status":"closed","ping_status":"closed","template":"","meta":{"footnotes":""},"class_list":["post-2800","page","type-page","status-publish","hentry"],"_links":{"self":[{"href":"https:\/\/aiablog.whapruebas.com\/en\/wp-json\/wp\/v2\/pages\/2800","targetHints":{"allow":["GET"]}}],"collection":[{"href":"https:\/\/aiablog.whapruebas.com\/en\/wp-json\/wp\/v2\/pages"}],"about":[{"href":"https:\/\/aiablog.whapruebas.com\/en\/wp-json\/wp\/v2\/types\/page"}],"author":[{"embeddable":true,"href":"https:\/\/aiablog.whapruebas.com\/en\/wp-json\/wp\/v2\/users\/1"}],"replies":[{"embeddable":true,"href":"https:\/\/aiablog.whapruebas.com\/en\/wp-json\/wp\/v2\/comments?post=2800"}],"version-history":[{"count":43,"href":"https:\/\/aiablog.whapruebas.com\/en\/wp-json\/wp\/v2\/pages\/2800\/revisions"}],"predecessor-version":[{"id":4517,"href":"https:\/\/aiablog.whapruebas.com\/en\/wp-json\/wp\/v2\/pages\/2800\/revisions\/4517"}],"wp:attachment":[{"href":"https:\/\/aiablog.whapruebas.com\/en\/wp-json\/wp\/v2\/media?parent=2800"}],"curies":[{"name":"wp","href":"https:\/\/api.w.org\/{rel}","templated":true}]}}