{"id":2831,"date":"2025-09-08T09:04:24","date_gmt":"2025-09-08T14:04:24","guid":{"rendered":"https:\/\/aiablog.whapruebas.com\/?page_id=2831"},"modified":"2025-11-26T09:45:36","modified_gmt":"2025-11-26T14:45:36","slug":"privacy-policy","status":"publish","type":"page","link":"https:\/\/aiablog.whapruebas.com\/en\/privacy-policy\/","title":{"rendered":"Privacy Policy"},"content":{"rendered":"<div data-elementor-type=\"wp-page\" data-elementor-id=\"2831\" class=\"elementor elementor-2831\" data-elementor-post-type=\"page\">\n\t\t\t\t<div class=\"elementor-element elementor-element-d549ed1 e-con-full fondo-zoom animado e-flex e-con e-parent\" data-id=\"d549ed1\" data-element_type=\"container\" data-settings=\"{&quot;background_background&quot;:&quot;classic&quot;}\">\n\t\t<div class=\"elementor-element elementor-element-7daa9ef e-con-full e-flex e-con e-child\" data-id=\"7daa9ef\" data-element_type=\"container\">\n\t\t\t\t<div class=\"elementor-element elementor-element-3672333 elementor-widget__width-initial elementor-invisible elementor-widget elementor-widget-heading\" data-id=\"3672333\" data-element_type=\"widget\" data-settings=\"{&quot;_animation&quot;:&quot;fadeIn&quot;,&quot;_animation_delay&quot;:500}\" data-widget_type=\"heading.default\">\n\t\t\t\t\t<h1 class=\"elementor-heading-title elementor-size-default\">Privacy Policy<\/h1>\t\t\t\t<\/div>\n\t\t\t\t<\/div>\n\t\t<div class=\"elementor-element elementor-element-d79c173 e-con-full e-flex e-con e-child\" data-id=\"d79c173\" data-element_type=\"container\">\n\t\t\t\t<div class=\"elementor-element elementor-element-ca12ac5 elementor-widget elementor-widget-image\" data-id=\"ca12ac5\" data-element_type=\"widget\" data-widget_type=\"image.default\">\n\t\t\t\t\t\t\t\t\t\t\t\t\t\t\t\t<a href=\"#privacidad\">\n\t\t\t\t\t\t\t<img decoding=\"async\" width=\"58\" height=\"58\" src=\"https:\/\/aiablog.whapruebas.com\/wp-content\/uploads\/2025\/08\/flecha-down.svg\" class=\"attachment-large size-large wp-image-517\" alt=\"\" \/>\t\t\t\t\t\t\t\t<\/a>\n\t\t\t\t\t\t\t\t\t\t\t\t\t\t\t<\/div>\n\t\t\t\t<\/div>\n\t\t\t\t<\/div>\n\t\t<div class=\"elementor-element elementor-element-ace9e5c e-flex e-con-boxed e-con e-parent\" data-id=\"ace9e5c\" data-element_type=\"container\" id=\"privacidad\" data-settings=\"{&quot;background_background&quot;:&quot;classic&quot;}\">\n\t\t\t\t\t<div class=\"e-con-inner\">\n\t\t\t\t<div class=\"elementor-element elementor-element-ef42d98 elementor-widget elementor-widget-heading\" data-id=\"ef42d98\" data-element_type=\"widget\" data-widget_type=\"heading.default\">\n\t\t\t\t\t<h2 class=\"elementor-heading-title elementor-size-default\">Privacy policy<\/h2>\t\t\t\t<\/div>\n\t\t<div class=\"elementor-element elementor-element-c54fe90 e-con-full e-flex e-con e-child\" data-id=\"c54fe90\" data-element_type=\"container\" data-settings=\"{&quot;background_background&quot;:&quot;classic&quot;}\">\n\t\t<div class=\"elementor-element elementor-element-0c09484 e-con-full e-flex e-con e-child\" data-id=\"0c09484\" data-element_type=\"container\" data-settings=\"{&quot;background_background&quot;:&quot;classic&quot;}\">\n\t\t\t\t<div class=\"elementor-element elementor-element-25738dd elementor-widget__width-initial elementor-widget elementor-widget-text-editor\" data-id=\"25738dd\" data-element_type=\"widget\" data-widget_type=\"text-editor.default\">\n\t\t\t\t\t\t\t\t\t<p>On this website we value your privacy and are committed to protecting your personal data. Below we explain how we collect, use, and protect your information.<\/p>\t\t\t\t\t\t\t\t<\/div>\n\t\t<div class=\"elementor-element elementor-element-8a794d4 e-con-full e-flex e-con e-child\" data-id=\"8a794d4\" data-element_type=\"container\">\n\t\t\t\t<div class=\"elementor-element elementor-element-ff7724a elementor-widget__width-initial elementor-widget elementor-widget-heading\" data-id=\"ff7724a\" data-element_type=\"widget\" data-widget_type=\"heading.default\">\n\t\t\t\t\t<h3 class=\"elementor-heading-title elementor-size-default\">Data Collection<\/h3>\t\t\t\t<\/div>\n\t\t\t\t<div class=\"elementor-element elementor-element-ae8bcfb elementor-widget elementor-widget-text-editor\" data-id=\"ae8bcfb\" data-element_type=\"widget\" data-widget_type=\"text-editor.default\">\n\t\t\t\t\t\t\t\t\t<p>We may collect personal data such as name, email address, contact number, and any information voluntarily provided by the user through forms or communication channels.<\/p>\t\t\t\t\t\t\t\t<\/div>\n\t\t\t\t<\/div>\n\t\t<div class=\"elementor-element elementor-element-b5dc65c e-con-full e-flex e-con e-child\" data-id=\"b5dc65c\" data-element_type=\"container\">\n\t\t\t\t<div class=\"elementor-element elementor-element-f74e6fd elementor-widget__width-initial elementor-widget elementor-widget-heading\" data-id=\"f74e6fd\" data-element_type=\"widget\" data-widget_type=\"heading.default\">\n\t\t\t\t\t<h3 class=\"elementor-heading-title elementor-size-default\">Use of the Information<\/h3>\t\t\t\t<\/div>\n\t\t\t\t<div class=\"elementor-element elementor-element-8e02519 elementor-widget elementor-widget-text-editor\" data-id=\"8e02519\" data-element_type=\"widget\" data-widget_type=\"text-editor.default\">\n\t\t\t\t\t\t\t\t\t<p>The data collected is used exclusively to respond to inquiries, provide information about our services, and enhance your user experience. We do not sell or share your information with third parties without your consent.<\/p>\t\t\t\t\t\t\t\t<\/div>\n\t\t\t\t<\/div>\n\t\t<div class=\"elementor-element elementor-element-fee18b0 e-con-full e-flex e-con e-child\" data-id=\"fee18b0\" data-element_type=\"container\">\n\t\t\t\t<div class=\"elementor-element elementor-element-317cd68 elementor-widget__width-initial elementor-widget elementor-widget-heading\" data-id=\"317cd68\" data-element_type=\"widget\" data-widget_type=\"heading.default\">\n\t\t\t\t\t<h3 class=\"elementor-heading-title elementor-size-default\">Data Security<\/h3>\t\t\t\t<\/div>\n\t\t\t\t<div class=\"elementor-element elementor-element-9c72cea elementor-widget elementor-widget-text-editor\" data-id=\"9c72cea\" data-element_type=\"widget\" data-widget_type=\"text-editor.default\">\n\t\t\t\t\t\t\t\t\t<p>We apply administrative and technical security measures to protect your information against unauthorised access, loss, or alteration.<\/p>\t\t\t\t\t\t\t\t<\/div>\n\t\t\t\t<\/div>\n\t\t<div class=\"elementor-element elementor-element-c76ab6d e-con-full e-flex e-con e-child\" data-id=\"c76ab6d\" data-element_type=\"container\">\n\t\t\t\t<div class=\"elementor-element elementor-element-51583c1 elementor-widget__width-initial elementor-widget elementor-widget-heading\" data-id=\"51583c1\" data-element_type=\"widget\" data-widget_type=\"heading.default\">\n\t\t\t\t\t<h3 class=\"elementor-heading-title elementor-size-default\">Cookies<\/h3>\t\t\t\t<\/div>\n\t\t\t\t<div class=\"elementor-element elementor-element-db06e49 elementor-widget elementor-widget-text-editor\" data-id=\"db06e49\" data-element_type=\"widget\" data-widget_type=\"text-editor.default\">\n\t\t\t\t\t\t\t\t\t<p>This site may use cookies to improve navigation. You can configure your browser to block them, although this may affect certain site functions.<\/p>\t\t\t\t\t\t\t\t<\/div>\n\t\t\t\t<\/div>\n\t\t<div class=\"elementor-element elementor-element-a20e285 e-con-full e-flex e-con e-child\" data-id=\"a20e285\" data-element_type=\"container\">\n\t\t\t\t<div class=\"elementor-element elementor-element-41203c7 elementor-widget__width-initial elementor-widget elementor-widget-heading\" data-id=\"41203c7\" data-element_type=\"widget\" data-widget_type=\"heading.default\">\n\t\t\t\t\t<h3 class=\"elementor-heading-title elementor-size-default\">User Rights<\/h3>\t\t\t\t<\/div>\n\t\t\t\t<div class=\"elementor-element elementor-element-ee79721 elementor-widget elementor-widget-text-editor\" data-id=\"ee79721\" data-element_type=\"widget\" data-widget_type=\"text-editor.default\">\n\t\t\t\t\t\t\t\t\t<p>You have the right to access, correct, or delete your personal data at any time. To do so, you may contact us through our official channels.<\/p>\t\t\t\t\t\t\t\t<\/div>\n\t\t\t\t<\/div>\n\t\t<div class=\"elementor-element elementor-element-1804536 e-con-full e-flex e-con e-child\" data-id=\"1804536\" data-element_type=\"container\">\n\t\t\t\t<div class=\"elementor-element elementor-element-e6e25e2 elementor-widget__width-initial elementor-widget elementor-widget-heading\" data-id=\"e6e25e2\" data-element_type=\"widget\" data-widget_type=\"heading.default\">\n\t\t\t\t\t<h3 class=\"elementor-heading-title elementor-size-default\">Changes to the Policy<\/h3>\t\t\t\t<\/div>\n\t\t\t\t<div class=\"elementor-element elementor-element-c1beb67 elementor-widget elementor-widget-text-editor\" data-id=\"c1beb67\" data-element_type=\"widget\" data-widget_type=\"text-editor.default\">\n\t\t\t\t\t\t\t\t\t<p>We reserve the right to update this policy at any time. The current version will always be available on this page.<\/p>\t\t\t\t\t\t\t\t<\/div>\n\t\t\t\t<\/div>\n\t\t\t\t<\/div>\n\t\t\t\t<\/div>\n\t\t\t\t\t<\/div>\n\t\t\t\t<\/div>\n\t\t<div class=\"elementor-element elementor-element-078d19e e-flex e-con-boxed e-con e-parent\" data-id=\"078d19e\" data-element_type=\"container\">\n\t\t\t\t\t<div class=\"e-con-inner\">\n\t\t\t\t\t<\/div>\n\t\t\t\t<\/div>\n\t\t\t\t<\/div>","protected":false},"excerpt":{"rendered":"<p>Pol\u00edtica de privacidad Pol\u00edtica y privacidad En esta web valoramos tu privacidad y nos comprometemos a proteger tus datos personales. A continuaci\u00f3n, te explicamos c\u00f3mo recopilamos, usamos y protegemos tu informaci\u00f3n. Recopilaci\u00f3n de datos Podemos recopilar datos personales como nombre, correo electr\u00f3nico, n\u00famero de contacto y cualquier informaci\u00f3n que el usuario proporcione de forma voluntaria [&hellip;]<\/p>","protected":false},"author":1,"featured_media":0,"parent":0,"menu_order":0,"comment_status":"closed","ping_status":"closed","template":"","meta":{"footnotes":""},"class_list":["post-2831","page","type-page","status-publish","hentry"],"_links":{"self":[{"href":"https:\/\/aiablog.whapruebas.com\/en\/wp-json\/wp\/v2\/pages\/2831","targetHints":{"allow":["GET"]}}],"collection":[{"href":"https:\/\/aiablog.whapruebas.com\/en\/wp-json\/wp\/v2\/pages"}],"about":[{"href":"https:\/\/aiablog.whapruebas.com\/en\/wp-json\/wp\/v2\/types\/page"}],"author":[{"embeddable":true,"href":"https:\/\/aiablog.whapruebas.com\/en\/wp-json\/wp\/v2\/users\/1"}],"replies":[{"embeddable":true,"href":"https:\/\/aiablog.whapruebas.com\/en\/wp-json\/wp\/v2\/comments?post=2831"}],"version-history":[{"count":31,"href":"https:\/\/aiablog.whapruebas.com\/en\/wp-json\/wp\/v2\/pages\/2831\/revisions"}],"predecessor-version":[{"id":5642,"href":"https:\/\/aiablog.whapruebas.com\/en\/wp-json\/wp\/v2\/pages\/2831\/revisions\/5642"}],"wp:attachment":[{"href":"https:\/\/aiablog.whapruebas.com\/en\/wp-json\/wp\/v2\/media?parent=2831"}],"curies":[{"name":"wp","href":"https:\/\/api.w.org\/{rel}","templated":true}]}}