{"id":3571,"date":"2025-09-17T15:54:43","date_gmt":"2025-09-17T20:54:43","guid":{"rendered":"https:\/\/aiablog.whapruebas.com\/?page_id=3571"},"modified":"2025-11-24T16:49:36","modified_gmt":"2025-11-24T21:49:36","slug":"associate-members-japan","status":"publish","type":"page","link":"https:\/\/aiablog.whapruebas.com\/en\/associate-members-japan\/","title":{"rendered":"Miembros asociados Jap\u00f3n"},"content":{"rendered":"<div data-elementor-type=\"wp-page\" data-elementor-id=\"3571\" class=\"elementor elementor-3571\" data-elementor-post-type=\"page\">\n\t\t\t\t<div class=\"elementor-element elementor-element-a77599c e-flex e-con-boxed e-con e-parent\" data-id=\"a77599c\" data-element_type=\"container\" data-settings=\"{&quot;background_background&quot;:&quot;classic&quot;}\">\n\t\t\t\t\t<div class=\"e-con-inner\">\n\t\t<div class=\"elementor-element elementor-element-3e5492d e-con-full e-flex e-con e-child\" data-id=\"3e5492d\" data-element_type=\"container\" data-settings=\"{&quot;background_background&quot;:&quot;classic&quot;}\">\n\t\t\t\t<div class=\"elementor-element elementor-element-b7cd1a5 elementor-widget elementor-widget-heading\" data-id=\"b7cd1a5\" data-element_type=\"widget\" data-widget_type=\"heading.default\">\n\t\t\t\t\t<h2 class=\"elementor-heading-title elementor-size-default\">Japan<\/h2>\t\t\t\t<\/div>\n\t\t\t\t<\/div>\n\t\t<div class=\"elementor-element elementor-element-483deba e-con-full e-flex e-con e-child\" data-id=\"483deba\" data-element_type=\"container\">\n\t\t<div class=\"elementor-element elementor-element-792e4e2 e-con-full e-flex e-con e-child\" data-id=\"792e4e2\" data-element_type=\"container\" data-settings=\"{&quot;background_background&quot;:&quot;classic&quot;}\">\n\t\t\t\t<div class=\"elementor-element elementor-element-8697b78 elementor-widget elementor-widget-image\" data-id=\"8697b78\" data-element_type=\"widget\" data-widget_type=\"image.default\">\n\t\t\t\t\t\t\t\t\t\t\t\t\t\t\t<img fetchpriority=\"high\" decoding=\"async\" width=\"768\" height=\"768\" src=\"https:\/\/aiablog.whapruebas.com\/wp-content\/uploads\/2025\/09\/HAMANAKA-CO.-LTD-768x768.png\" class=\"attachment-medium_large size-medium_large wp-image-4697\" alt=\"\" srcset=\"https:\/\/aiablog.whapruebas.com\/wp-content\/uploads\/2025\/09\/HAMANAKA-CO.-LTD-768x768.png 768w, https:\/\/aiablog.whapruebas.com\/wp-content\/uploads\/2025\/09\/HAMANAKA-CO.-LTD-1536x1536.png 1536w, https:\/\/aiablog.whapruebas.com\/wp-content\/uploads\/2025\/09\/HAMANAKA-CO.-LTD-2048x2048.png 2048w, https:\/\/aiablog.whapruebas.com\/wp-content\/uploads\/2025\/09\/HAMANAKA-CO.-LTD-12x12.png 12w\" sizes=\"(max-width: 768px) 100vw, 768px\" \/>\t\t\t\t\t\t\t\t\t\t\t\t\t\t\t<\/div>\n\t\t\t\t<div class=\"elementor-element elementor-element-0c00331 elementor-widget__width-initial elementor-widget elementor-widget-text-editor\" data-id=\"0c00331\" data-element_type=\"widget\" data-widget_type=\"text-editor.default\">\n\t\t\t\t\t\t\t\t\t<p><strong>HAMANAKA CO. LTD.<\/strong><br \/>2-3 Yabunoshitacho Hanazono Ukyo-Ku, Kyoto<br \/><strong>Contact number:<\/strong> 81-75-463-5151<br \/><br \/><\/p>\t\t\t\t\t\t\t\t<\/div>\n\t\t\t\t<\/div>\n\t\t<div class=\"elementor-element elementor-element-c96abfd e-con-full e-flex e-con e-child\" data-id=\"c96abfd\" data-element_type=\"container\" data-settings=\"{&quot;background_background&quot;:&quot;classic&quot;}\">\n\t\t\t\t<div class=\"elementor-element elementor-element-039bbf6 elementor-widget elementor-widget-image\" data-id=\"039bbf6\" data-element_type=\"widget\" data-widget_type=\"image.default\">\n\t\t\t\t\t\t\t\t\t\t\t\t\t\t\t\t<a href=\"http:\/\/import-house.co.jp\/\" target=\"_blank\">\n\t\t\t\t\t\t\t<img decoding=\"async\" width=\"768\" height=\"768\" src=\"https:\/\/aiablog.whapruebas.com\/wp-content\/uploads\/2025\/09\/IMPORT-HOUSE-768x768.png\" class=\"attachment-medium_large size-medium_large wp-image-4698\" alt=\"\" srcset=\"https:\/\/aiablog.whapruebas.com\/wp-content\/uploads\/2025\/09\/IMPORT-HOUSE-768x768.png 768w, https:\/\/aiablog.whapruebas.com\/wp-content\/uploads\/2025\/09\/IMPORT-HOUSE-1536x1536.png 1536w, https:\/\/aiablog.whapruebas.com\/wp-content\/uploads\/2025\/09\/IMPORT-HOUSE-2048x2048.png 2048w, https:\/\/aiablog.whapruebas.com\/wp-content\/uploads\/2025\/09\/IMPORT-HOUSE-12x12.png 12w\" sizes=\"(max-width: 768px) 100vw, 768px\" \/>\t\t\t\t\t\t\t\t<\/a>\n\t\t\t\t\t\t\t\t\t\t\t\t\t\t\t<\/div>\n\t\t\t\t<div class=\"elementor-element elementor-element-3267b0c elementor-widget__width-initial elementor-widget elementor-widget-text-editor\" data-id=\"3267b0c\" data-element_type=\"widget\" data-widget_type=\"text-editor.default\">\n\t\t\t\t\t\t\t\t\t<p><strong>IMPORT HOUSE.<\/strong><br \/>Higiriyama 2-1-33 Kaisei BLD 2-B, Konan-ku, Yokohama<br \/><strong>Contact Number:<\/strong> +81-45-370-9631<br \/><strong>Web:<\/strong>\u00a0<a href=\"http:\/\/import-house.co.jp\/\">http:\/\/import-house.co.jp\/<\/a><\/p>\t\t\t\t\t\t\t\t<\/div>\n\t\t\t\t<\/div>\n\t\t\t\t<\/div>\n\t\t<div class=\"elementor-element elementor-element-f50c8ef e-con-full e-flex e-con e-child\" data-id=\"f50c8ef\" data-element_type=\"container\">\n\t\t<div class=\"elementor-element elementor-element-db54053 e-con-full e-flex e-con e-child\" data-id=\"db54053\" data-element_type=\"container\" data-settings=\"{&quot;background_background&quot;:&quot;classic&quot;}\">\n\t\t\t\t<div class=\"elementor-element elementor-element-0176405 elementor-widget elementor-widget-image\" data-id=\"0176405\" data-element_type=\"widget\" data-widget_type=\"image.default\">\n\t\t\t\t\t\t\t\t\t\t\t\t\t\t\t<img decoding=\"async\" width=\"768\" height=\"768\" src=\"https:\/\/aiablog.whapruebas.com\/wp-content\/uploads\/2025\/09\/NAGAWA-CO.-LTD-768x768.png\" class=\"attachment-medium_large size-medium_large wp-image-4693\" alt=\"\" srcset=\"https:\/\/aiablog.whapruebas.com\/wp-content\/uploads\/2025\/09\/NAGAWA-CO.-LTD-768x768.png 768w, https:\/\/aiablog.whapruebas.com\/wp-content\/uploads\/2025\/09\/NAGAWA-CO.-LTD-1536x1536.png 1536w, https:\/\/aiablog.whapruebas.com\/wp-content\/uploads\/2025\/09\/NAGAWA-CO.-LTD-2048x2048.png 2048w, https:\/\/aiablog.whapruebas.com\/wp-content\/uploads\/2025\/09\/NAGAWA-CO.-LTD-12x12.png 12w\" sizes=\"(max-width: 768px) 100vw, 768px\" \/>\t\t\t\t\t\t\t\t\t\t\t\t\t\t\t<\/div>\n\t\t\t\t<div class=\"elementor-element elementor-element-723d070 elementor-widget__width-initial elementor-widget elementor-widget-text-editor\" data-id=\"723d070\" data-element_type=\"widget\" data-widget_type=\"text-editor.default\">\n\t\t\t\t\t\t\t\t\t<p><strong>NAGAWA CO. LTD.<\/strong><br \/>1-12 Koganedori, Nakamuraku, Nagoya, Japan 453<br \/><strong>Contact number:<\/strong> 81-52-451-1137<br \/><br \/><\/p>\t\t\t\t\t\t\t\t<\/div>\n\t\t\t\t<\/div>\n\t\t<div class=\"elementor-element elementor-element-b23727d e-con-full e-flex e-con e-child\" data-id=\"b23727d\" data-element_type=\"container\" data-settings=\"{&quot;background_background&quot;:&quot;classic&quot;}\">\n\t\t\t\t<div class=\"elementor-element elementor-element-68202e7 elementor-widget elementor-widget-image\" data-id=\"68202e7\" data-element_type=\"widget\" data-widget_type=\"image.default\">\n\t\t\t\t\t\t\t\t\t\t\t\t\t\t\t<img loading=\"lazy\" decoding=\"async\" width=\"768\" height=\"768\" src=\"https:\/\/aiablog.whapruebas.com\/wp-content\/uploads\/2025\/09\/NAKAYAMA-CO.-LTD-768x768.png\" class=\"attachment-medium_large size-medium_large wp-image-4694\" alt=\"\" srcset=\"https:\/\/aiablog.whapruebas.com\/wp-content\/uploads\/2025\/09\/NAKAYAMA-CO.-LTD-768x768.png 768w, https:\/\/aiablog.whapruebas.com\/wp-content\/uploads\/2025\/09\/NAKAYAMA-CO.-LTD-1536x1536.png 1536w, https:\/\/aiablog.whapruebas.com\/wp-content\/uploads\/2025\/09\/NAKAYAMA-CO.-LTD-2048x2048.png 2048w, https:\/\/aiablog.whapruebas.com\/wp-content\/uploads\/2025\/09\/NAKAYAMA-CO.-LTD-12x12.png 12w\" sizes=\"(max-width: 768px) 100vw, 768px\" \/>\t\t\t\t\t\t\t\t\t\t\t\t\t\t\t<\/div>\n\t\t\t\t<div class=\"elementor-element elementor-element-1ad1ae4 elementor-widget__width-initial elementor-widget elementor-widget-text-editor\" data-id=\"1ad1ae4\" data-element_type=\"widget\" data-widget_type=\"text-editor.default\">\n\t\t\t\t\t\t\t\t\t<strong>NAKAYAMA &#038; CO. LTD<\/strong><br>\n3-10 Kaigan-Dori, Nakaku, Yokohama, P.O. Box 231<br>\n<strong>Contact number:<\/strong> 81-45-212-1651<br><br>\t\t\t\t\t\t\t\t<\/div>\n\t\t\t\t<\/div>\n\t\t\t\t<\/div>\n\t\t<div class=\"elementor-element elementor-element-45033da e-con-full e-flex e-con e-child\" data-id=\"45033da\" data-element_type=\"container\">\n\t\t<div class=\"elementor-element elementor-element-51b5501 e-con-full e-flex e-con e-child\" data-id=\"51b5501\" data-element_type=\"container\" data-settings=\"{&quot;background_background&quot;:&quot;classic&quot;}\">\n\t\t\t\t<div class=\"elementor-element elementor-element-5ed09eb elementor-widget elementor-widget-image\" data-id=\"5ed09eb\" data-element_type=\"widget\" data-widget_type=\"image.default\">\n\t\t\t\t\t\t\t\t\t\t\t\t\t\t\t<img loading=\"lazy\" decoding=\"async\" width=\"768\" height=\"768\" src=\"https:\/\/aiablog.whapruebas.com\/wp-content\/uploads\/2025\/09\/SANKO-KEITO-BOSEKI-KABUSHIKI-KAISHA-768x768.png\" class=\"attachment-medium_large size-medium_large wp-image-4695\" alt=\"\" srcset=\"https:\/\/aiablog.whapruebas.com\/wp-content\/uploads\/2025\/09\/SANKO-KEITO-BOSEKI-KABUSHIKI-KAISHA-768x768.png 768w, https:\/\/aiablog.whapruebas.com\/wp-content\/uploads\/2025\/09\/SANKO-KEITO-BOSEKI-KABUSHIKI-KAISHA-1536x1536.png 1536w, https:\/\/aiablog.whapruebas.com\/wp-content\/uploads\/2025\/09\/SANKO-KEITO-BOSEKI-KABUSHIKI-KAISHA-2048x2048.png 2048w, https:\/\/aiablog.whapruebas.com\/wp-content\/uploads\/2025\/09\/SANKO-KEITO-BOSEKI-KABUSHIKI-KAISHA-12x12.png 12w\" sizes=\"(max-width: 768px) 100vw, 768px\" \/>\t\t\t\t\t\t\t\t\t\t\t\t\t\t\t<\/div>\n\t\t\t\t<div class=\"elementor-element elementor-element-5d87fcd elementor-widget__width-initial elementor-widget elementor-widget-text-editor\" data-id=\"5d87fcd\" data-element_type=\"widget\" data-widget_type=\"text-editor.default\">\n\t\t\t\t\t\t\t\t\t<strong>SANKO KEITO BOSEKI KABUSHIKI KAISHA<\/strong><br>\nHanaguruma Bldg. Kitakan-Ku 708, Meieki 5-4-14<br>\n<strong>Contact number:<\/strong> 81-52-571-3331<br><br>\t\t\t\t\t\t\t\t<\/div>\n\t\t\t\t<\/div>\n\t\t<div class=\"elementor-element elementor-element-5fb388c e-con-full e-flex e-con e-child\" data-id=\"5fb388c\" data-element_type=\"container\" data-settings=\"{&quot;background_background&quot;:&quot;classic&quot;}\">\n\t\t\t\t<div class=\"elementor-element elementor-element-b1c40da elementor-widget elementor-widget-image\" data-id=\"b1c40da\" data-element_type=\"widget\" data-widget_type=\"image.default\">\n\t\t\t\t\t\t\t\t\t\t\t\t\t\t\t<img loading=\"lazy\" decoding=\"async\" width=\"768\" height=\"768\" src=\"https:\/\/aiablog.whapruebas.com\/wp-content\/uploads\/2025\/09\/TOWA-KEORI-CO.-LTD-768x768.png\" class=\"attachment-medium_large size-medium_large wp-image-4699\" alt=\"\" srcset=\"https:\/\/aiablog.whapruebas.com\/wp-content\/uploads\/2025\/09\/TOWA-KEORI-CO.-LTD-768x768.png 768w, https:\/\/aiablog.whapruebas.com\/wp-content\/uploads\/2025\/09\/TOWA-KEORI-CO.-LTD-1536x1536.png 1536w, https:\/\/aiablog.whapruebas.com\/wp-content\/uploads\/2025\/09\/TOWA-KEORI-CO.-LTD-2048x2048.png 2048w, https:\/\/aiablog.whapruebas.com\/wp-content\/uploads\/2025\/09\/TOWA-KEORI-CO.-LTD-12x12.png 12w\" sizes=\"(max-width: 768px) 100vw, 768px\" \/>\t\t\t\t\t\t\t\t\t\t\t\t\t\t\t<\/div>\n\t\t\t\t<div class=\"elementor-element elementor-element-4ac7f29 elementor-widget__width-initial elementor-widget elementor-widget-text-editor\" data-id=\"4ac7f29\" data-element_type=\"widget\" data-widget_type=\"text-editor.default\">\n\t\t\t\t\t\t\t\t\t<strong>TOWA KEORI CO. LTD.<\/strong><br>\n70-1, Shinkai, Maeno, Azai, Ichinomiya, Aichi<br>\n<strong>Contact number:<\/strong> 81-586-78-1165<br><br>\t\t\t\t\t\t\t\t<\/div>\n\t\t\t\t<\/div>\n\t\t\t\t<\/div>\n\t\t\t\t\t<\/div>\n\t\t\t\t<\/div>\n\t\t\t\t<\/div>","protected":false},"excerpt":{"rendered":"<p>Jap\u00f3n HAMANAKA CO. LTD.2-3 Yabunoshitacho Hanazono Ukyo-Ku, KyotoN\u00famero de contacto: 81-75-463-5151 IMPORT HOUSE.Higiriyama 2-1-33 Kaisei BLD 2-B, Konan-ku, YokohamaN\u00famero Telef\u00f3nico: +81-45-370-9631P\u00e1gina web:\u00a0http:\/\/import-house.co.jp\/ NAGAWA CO. LTD.1-12 Koganedori, Nakamuraku, Nagoya, Japan 453N\u00famero de contacto: 81-52-451-1137 NAKAYAMA &#038; CO. LTD 3-10 Kaigan-Dori, Nakaku, Yokohama, P.O. Box 231 N\u00famero de contacto: 81-45-212-1651 SANKO KEITO BOSEKI KABUSHIKI KAISHA Hanaguruma Bldg. [&hellip;]<\/p>","protected":false},"author":1,"featured_media":0,"parent":0,"menu_order":0,"comment_status":"closed","ping_status":"closed","template":"","meta":{"footnotes":""},"class_list":["post-3571","page","type-page","status-publish","hentry"],"_links":{"self":[{"href":"https:\/\/aiablog.whapruebas.com\/en\/wp-json\/wp\/v2\/pages\/3571","targetHints":{"allow":["GET"]}}],"collection":[{"href":"https:\/\/aiablog.whapruebas.com\/en\/wp-json\/wp\/v2\/pages"}],"about":[{"href":"https:\/\/aiablog.whapruebas.com\/en\/wp-json\/wp\/v2\/types\/page"}],"author":[{"embeddable":true,"href":"https:\/\/aiablog.whapruebas.com\/en\/wp-json\/wp\/v2\/users\/1"}],"replies":[{"embeddable":true,"href":"https:\/\/aiablog.whapruebas.com\/en\/wp-json\/wp\/v2\/comments?post=3571"}],"version-history":[{"count":22,"href":"https:\/\/aiablog.whapruebas.com\/en\/wp-json\/wp\/v2\/pages\/3571\/revisions"}],"predecessor-version":[{"id":5534,"href":"https:\/\/aiablog.whapruebas.com\/en\/wp-json\/wp\/v2\/pages\/3571\/revisions\/5534"}],"wp:attachment":[{"href":"https:\/\/aiablog.whapruebas.com\/en\/wp-json\/wp\/v2\/media?parent=3571"}],"curies":[{"name":"wp","href":"https:\/\/api.w.org\/{rel}","templated":true}]}}