{"id":3820,"date":"2025-09-19T06:11:27","date_gmt":"2025-09-19T11:11:27","guid":{"rendered":"https:\/\/aiablog.whapruebas.com\/?page_id=3820"},"modified":"2025-11-24T17:14:24","modified_gmt":"2025-11-24T22:14:24","slug":"extraordinary-members-japan","status":"publish","type":"page","link":"https:\/\/aiablog.whapruebas.com\/en\/extraordinary-members-japan\/","title":{"rendered":"Miembros Extraordinarios Jap\u00f3n"},"content":{"rendered":"<div data-elementor-type=\"wp-page\" data-elementor-id=\"3820\" class=\"elementor elementor-3820\" data-elementor-post-type=\"page\">\n\t\t\t\t<div class=\"elementor-element elementor-element-fed227a e-flex e-con-boxed e-con e-parent\" data-id=\"fed227a\" data-element_type=\"container\" data-settings=\"{&quot;background_background&quot;:&quot;classic&quot;}\">\n\t\t\t\t\t<div class=\"e-con-inner\">\n\t\t<div class=\"elementor-element elementor-element-33da8e3 e-con-full e-flex e-con e-child\" data-id=\"33da8e3\" data-element_type=\"container\" data-settings=\"{&quot;background_background&quot;:&quot;classic&quot;}\">\n\t\t\t\t<div class=\"elementor-element elementor-element-e1c8545 elementor-widget elementor-widget-heading\" data-id=\"e1c8545\" data-element_type=\"widget\" data-widget_type=\"heading.default\">\n\t\t\t\t\t<h2 class=\"elementor-heading-title elementor-size-default\">Japan <\/h2>\t\t\t\t<\/div>\n\t\t\t\t<\/div>\n\t\t<div class=\"elementor-element elementor-element-63f42f6 e-con-full e-flex e-con e-child\" data-id=\"63f42f6\" data-element_type=\"container\">\n\t\t<div class=\"elementor-element elementor-element-4209f78 e-con-full e-flex e-con e-child\" data-id=\"4209f78\" data-element_type=\"container\" data-settings=\"{&quot;background_background&quot;:&quot;classic&quot;}\">\n\t\t\t\t<div class=\"elementor-element elementor-element-275fe40 elementor-widget elementor-widget-image\" data-id=\"275fe40\" data-element_type=\"widget\" data-widget_type=\"image.default\">\n\t\t\t\t\t\t\t\t\t\t\t\t\t\t\t\t<a href=\"https:\/\/www.alpaquita.com\" target=\"_blank\">\n\t\t\t\t\t\t\t<img fetchpriority=\"high\" decoding=\"async\" width=\"768\" height=\"768\" src=\"https:\/\/aiablog.whapruebas.com\/wp-content\/uploads\/2025\/09\/COTEMPANY-768x768.png\" class=\"attachment-medium_large size-medium_large wp-image-4730\" alt=\"\" srcset=\"https:\/\/aiablog.whapruebas.com\/wp-content\/uploads\/2025\/09\/COTEMPANY-768x768.png 768w, https:\/\/aiablog.whapruebas.com\/wp-content\/uploads\/2025\/09\/COTEMPANY-1536x1536.png 1536w, https:\/\/aiablog.whapruebas.com\/wp-content\/uploads\/2025\/09\/COTEMPANY-2048x2048.png 2048w, https:\/\/aiablog.whapruebas.com\/wp-content\/uploads\/2025\/09\/COTEMPANY-12x12.png 12w\" sizes=\"(max-width: 768px) 100vw, 768px\" \/>\t\t\t\t\t\t\t\t<\/a>\n\t\t\t\t\t\t\t\t\t\t\t\t\t\t\t<\/div>\n\t\t\t\t<div class=\"elementor-element elementor-element-914237e elementor-widget__width-initial elementor-widget elementor-widget-text-editor\" data-id=\"914237e\" data-element_type=\"widget\" data-widget_type=\"text-editor.default\">\n\t\t\t\t\t\t\t\t\t<p><strong>COTEMPANY<\/strong><br \/>825-6 Obara-Nishi, Yamanashi City, Yamanashi Prefecture, Japan<br \/><strong>Contact Number:<\/strong> <a style=\"color: #000000;\" href=\"tel:+81553345412\">+81 553 34 5412<\/a><br \/><strong>Email:<\/strong> <a style=\"color: #000000;\" href=\"mailto:info@alpaquita.com\">info@alpaquita.com<\/a><br \/><strong>Web:<\/strong>\u00a0<a href=\"https:\/\/www.alpaquita.com\">https:\/\/www.alpaquita.com<\/a><\/p>\t\t\t\t\t\t\t\t<\/div>\n\t\t\t\t<\/div>\n\t\t<div class=\"elementor-element elementor-element-662b018 e-con-full e-flex e-con e-child\" data-id=\"662b018\" data-element_type=\"container\" data-settings=\"{&quot;background_background&quot;:&quot;classic&quot;}\">\n\t\t\t\t<div class=\"elementor-element elementor-element-7d007a5 elementor-widget elementor-widget-image\" data-id=\"7d007a5\" data-element_type=\"widget\" data-widget_type=\"image.default\">\n\t\t\t\t\t\t\t\t\t\t\t\t\t\t\t\t<a href=\"https:\/\/maite-japan.com\" target=\"_blank\">\n\t\t\t\t\t\t\t<img decoding=\"async\" width=\"768\" height=\"768\" src=\"https:\/\/aiablog.whapruebas.com\/wp-content\/uploads\/2025\/09\/MAITE-768x768.png\" class=\"attachment-medium_large size-medium_large wp-image-3822\" alt=\"\" srcset=\"https:\/\/aiablog.whapruebas.com\/wp-content\/uploads\/2025\/09\/MAITE-768x768.png 768w, https:\/\/aiablog.whapruebas.com\/wp-content\/uploads\/2025\/09\/MAITE-12x12.png 12w, https:\/\/aiablog.whapruebas.com\/wp-content\/uploads\/2025\/09\/MAITE.png 900w\" sizes=\"(max-width: 768px) 100vw, 768px\" \/>\t\t\t\t\t\t\t\t<\/a>\n\t\t\t\t\t\t\t\t\t\t\t\t\t\t\t<\/div>\n\t\t\t\t<div class=\"elementor-element elementor-element-d4e11b9 elementor-widget__width-initial elementor-widget elementor-widget-text-editor\" data-id=\"d4e11b9\" data-element_type=\"widget\" data-widget_type=\"text-editor.default\">\n\t\t\t\t\t\t\t\t\t<p><strong>MAITE<\/strong><br \/>5-36-4 9F Fudanotsuji Square, Shiba, Minato-ku, Tokyo, Japan<br \/><strong>Email:<\/strong> info@maite-jp.com<br \/><strong>Web:<\/strong>\u00a0<a href=\"https:\/\/maite-japan.com\">https:\/\/maite-japan.com<\/a><\/p>\t\t\t\t\t\t\t\t<\/div>\n\t\t\t\t<\/div>\n\t\t\t\t<\/div>\n\t\t\t\t\t<\/div>\n\t\t\t\t<\/div>\n\t\t\t\t<\/div>","protected":false},"excerpt":{"rendered":"<p>Jap\u00f3n COTEMPANY825-6 Obara-Nishi, Yamanashi City, Yamanashi Prefecture, JapanN\u00famero Telef\u00f3nica: +81 553 34 5412Email: info@alpaquita.comWeb:\u00a0https:\/\/www.alpaquita.com MAITE5-36-4 9F Fudanotsuji Square, Shiba, Minato-ku, Tokyo, JapanEmail: info@maite-jp.comWeb:\u00a0https:\/\/maite-japan.com<\/p>","protected":false},"author":1,"featured_media":0,"parent":0,"menu_order":0,"comment_status":"closed","ping_status":"closed","template":"","meta":{"footnotes":""},"class_list":["post-3820","page","type-page","status-publish","hentry"],"_links":{"self":[{"href":"https:\/\/aiablog.whapruebas.com\/en\/wp-json\/wp\/v2\/pages\/3820","targetHints":{"allow":["GET"]}}],"collection":[{"href":"https:\/\/aiablog.whapruebas.com\/en\/wp-json\/wp\/v2\/pages"}],"about":[{"href":"https:\/\/aiablog.whapruebas.com\/en\/wp-json\/wp\/v2\/types\/page"}],"author":[{"embeddable":true,"href":"https:\/\/aiablog.whapruebas.com\/en\/wp-json\/wp\/v2\/users\/1"}],"replies":[{"embeddable":true,"href":"https:\/\/aiablog.whapruebas.com\/en\/wp-json\/wp\/v2\/comments?post=3820"}],"version-history":[{"count":22,"href":"https:\/\/aiablog.whapruebas.com\/en\/wp-json\/wp\/v2\/pages\/3820\/revisions"}],"predecessor-version":[{"id":5564,"href":"https:\/\/aiablog.whapruebas.com\/en\/wp-json\/wp\/v2\/pages\/3820\/revisions\/5564"}],"wp:attachment":[{"href":"https:\/\/aiablog.whapruebas.com\/en\/wp-json\/wp\/v2\/media?parent=3820"}],"curies":[{"name":"wp","href":"https:\/\/api.w.org\/{rel}","templated":true}]}}