{"id":3826,"date":"2025-09-19T06:15:49","date_gmt":"2025-09-19T11:15:49","guid":{"rendered":"https:\/\/aiablog.whapruebas.com\/?page_id=3826"},"modified":"2025-11-24T17:11:01","modified_gmt":"2025-11-24T22:11:01","slug":"extraordinary-members-finland","status":"publish","type":"page","link":"https:\/\/aiablog.whapruebas.com\/en\/extraordinary-members-finland\/","title":{"rendered":"Miembros Extraordinarios  Finlandia"},"content":{"rendered":"<div data-elementor-type=\"wp-page\" data-elementor-id=\"3826\" class=\"elementor elementor-3826\" data-elementor-post-type=\"page\">\n\t\t\t\t<div class=\"elementor-element elementor-element-c365e39 e-flex e-con-boxed e-con e-parent\" data-id=\"c365e39\" data-element_type=\"container\" data-settings=\"{&quot;background_background&quot;:&quot;classic&quot;}\">\n\t\t\t\t\t<div class=\"e-con-inner\">\n\t\t<div class=\"elementor-element elementor-element-7ea8a51 e-con-full e-flex e-con e-child\" data-id=\"7ea8a51\" data-element_type=\"container\" data-settings=\"{&quot;background_background&quot;:&quot;classic&quot;}\">\n\t\t\t\t<div class=\"elementor-element elementor-element-f46efc9 elementor-widget elementor-widget-heading\" data-id=\"f46efc9\" data-element_type=\"widget\" data-widget_type=\"heading.default\">\n\t\t\t\t\t<h2 class=\"elementor-heading-title elementor-size-default\">Finland<\/h2>\t\t\t\t<\/div>\n\t\t\t\t<\/div>\n\t\t<div class=\"elementor-element elementor-element-f47fc2f e-con-full e-flex e-con e-child\" data-id=\"f47fc2f\" data-element_type=\"container\">\n\t\t<div class=\"elementor-element elementor-element-110caa2 e-con-full e-flex e-con e-child\" data-id=\"110caa2\" data-element_type=\"container\" data-settings=\"{&quot;background_background&quot;:&quot;classic&quot;}\">\n\t\t\t\t<div class=\"elementor-element elementor-element-0d5cddd elementor-widget elementor-widget-image\" data-id=\"0d5cddd\" data-element_type=\"widget\" data-widget_type=\"image.default\">\n\t\t\t\t\t\t\t\t\t\t\t\t\t\t\t\t<a href=\"https:\/\/ruukinkehraamo.fi\" target=\"_blank\">\n\t\t\t\t\t\t\t<img fetchpriority=\"high\" decoding=\"async\" width=\"768\" height=\"768\" src=\"https:\/\/aiablog.whapruebas.com\/wp-content\/uploads\/2025\/09\/ruukin-768x768.png\" class=\"attachment-medium_large size-medium_large wp-image-3828\" alt=\"\" srcset=\"https:\/\/aiablog.whapruebas.com\/wp-content\/uploads\/2025\/09\/ruukin-768x768.png 768w, https:\/\/aiablog.whapruebas.com\/wp-content\/uploads\/2025\/09\/ruukin-12x12.png 12w, https:\/\/aiablog.whapruebas.com\/wp-content\/uploads\/2025\/09\/ruukin.png 900w\" sizes=\"(max-width: 768px) 100vw, 768px\" \/>\t\t\t\t\t\t\t\t<\/a>\n\t\t\t\t\t\t\t\t\t\t\t\t\t\t\t<\/div>\n\t\t\t\t<div class=\"elementor-element elementor-element-e996c7e elementor-widget__width-initial elementor-widget elementor-widget-text-editor\" data-id=\"e996c7e\" data-element_type=\"widget\" data-widget_type=\"text-editor.default\">\n\t\t\t\t\t\t\t\t\t<p><strong>RUUKIN KEHR\u00c4\u00c4M\u00d6<\/strong><br \/>Ruukinrannatie 6, FI-25660 Mathildedal, Finland<br \/><strong>Contact Number:<\/strong> +358 44 372 1813<br \/><strong>Email:<\/strong> posti@ruukinkehraamo.fi<br \/><strong>Web:<\/strong>\u00a0<a href=\"https:\/\/ruukinkehraamo.fi\">https:\/\/ruukinkehraamo.fi<\/a><\/p>\t\t\t\t\t\t\t\t<\/div>\n\t\t\t\t<\/div>\n\t\t\t\t<\/div>\n\t\t\t\t\t<\/div>\n\t\t\t\t<\/div>\n\t\t\t\t<\/div>","protected":false},"excerpt":{"rendered":"<p>Finlandia RUUKIN KEHR\u00c4\u00c4M\u00d6Ruukinrannatie 6, FI-25660 Mathildedal, FinlandN\u00famero Telef\u00f3nica: +358 44 372 1813Email: posti@ruukinkehraamo.fiWeb:\u00a0https:\/\/ruukinkehraamo.fi<\/p>","protected":false},"author":1,"featured_media":0,"parent":0,"menu_order":0,"comment_status":"closed","ping_status":"closed","template":"","meta":{"footnotes":""},"class_list":["post-3826","page","type-page","status-publish","hentry"],"_links":{"self":[{"href":"https:\/\/aiablog.whapruebas.com\/en\/wp-json\/wp\/v2\/pages\/3826","targetHints":{"allow":["GET"]}}],"collection":[{"href":"https:\/\/aiablog.whapruebas.com\/en\/wp-json\/wp\/v2\/pages"}],"about":[{"href":"https:\/\/aiablog.whapruebas.com\/en\/wp-json\/wp\/v2\/types\/page"}],"author":[{"embeddable":true,"href":"https:\/\/aiablog.whapruebas.com\/en\/wp-json\/wp\/v2\/users\/1"}],"replies":[{"embeddable":true,"href":"https:\/\/aiablog.whapruebas.com\/en\/wp-json\/wp\/v2\/comments?post=3826"}],"version-history":[{"count":13,"href":"https:\/\/aiablog.whapruebas.com\/en\/wp-json\/wp\/v2\/pages\/3826\/revisions"}],"predecessor-version":[{"id":5549,"href":"https:\/\/aiablog.whapruebas.com\/en\/wp-json\/wp\/v2\/pages\/3826\/revisions\/5549"}],"wp:attachment":[{"href":"https:\/\/aiablog.whapruebas.com\/en\/wp-json\/wp\/v2\/media?parent=3826"}],"curies":[{"name":"wp","href":"https:\/\/api.w.org\/{rel}","templated":true}]}}